{"id":266,"date":"2026-01-26T12:27:50","date_gmt":"2026-01-26T12:27:50","guid":{"rendered":"https:\/\/domitur.kobudev.com\/about-pt\/sustentabilidade-e-responsabilidade\/"},"modified":"2026-03-06T12:23:35","modified_gmt":"2026-03-06T12:23:35","slug":"sustentabilidade-e-responsabilidade","status":"publish","type":"page","link":"https:\/\/domitur.kobudev.com\/pt-pt\/sobre\/sustentabilidade-e-responsabilidade\/","title":{"rendered":"Sustentabilidade e Responsabilidade"},"content":{"rendered":"\n<div class=\"wp-block-kobu-custom-blocks-responsive-spacer responsive-spacer size-custom\" data-small=\"20\" data-medium=\"40\" data-large=\"40\" style=\"height:40px\"><\/div><br>\n\n<div class=\"wp-block-kobu-custom-blocks-section-wrapper alignfull kobu-section has-background has-lightgray-background-color\">\n<div class=\"wp-block-kobu-custom-blocks-responsive-spacer responsive-spacer size-custom\" data-small=\"100\" data-medium=\"200\" data-large=\"200\" style=\"height:200px\"><\/div><br>\n\n\n\n<h2 class=\"wp-block-heading has-text-align-center has-large-font-size\">A nossa miss\u00e3o \u00e9 criar o m\u00e1ximo valor para os nossos parceiros de neg\u00f3cio, em harmonia com pr\u00e1ticas sustent\u00e1veis, e oferecer experi\u00eancias inovadoras que superem, em todos os sentidos, as expetativas dos nossos clientes.<\/h2>\n\n\n\n<div class=\"wp-block-kobu-custom-blocks-responsive-spacer responsive-spacer size-custom\" data-small=\"100\" data-medium=\"200\" data-large=\"200\" style=\"height:200px\"><\/div><br>\n<\/div>\n\n<div class=\"wp-block-kobu-custom-blocks-responsive-spacer responsive-spacer size-large\"><\/div><br>\n\n<div class=\"wp-block-group alignfull alignfull-1 is-layout-grid wp-container-core-group-is-layout-baef362d wp-block-group-is-layout-grid\"><noscript class=\"loading-lazy\">\n<figure class=\"wp-block-image size-large\"><img loading=\"lazy\" decoding=\"async\" width=\"768\" height=\"1024\" src=\"https:\/\/domitur.kobudev.com\/files\/uploads\/2026\/02\/sustainability-and-responsibility-01-768x1024.webp\" alt=\"\" class=\"wp-image-493\" srcset=\"https:\/\/domitur.kobudev.com\/files\/uploads\/2026\/02\/sustainability-and-responsibility-01-768x1024.webp 768w, https:\/\/domitur.kobudev.com\/files\/uploads\/2026\/02\/sustainability-and-responsibility-01-225x300.webp 225w, https:\/\/domitur.kobudev.com\/files\/uploads\/2026\/02\/sustainability-and-responsibility-01.webp 1036w\" sizes=\"auto, (max-width: 768px) 100vw, 768px\" \/><\/figure>\n<\/noscript>\n\n\n<div class=\"wp-block-group is-layout-constrained wp-block-group-is-layout-constrained\"><noscript class=\"loading-lazy\">\n<figure class=\"wp-block-image size-large\"><img loading=\"lazy\" decoding=\"async\" width=\"1024\" height=\"767\" src=\"https:\/\/domitur.kobudev.com\/files\/uploads\/2026\/02\/sustainability-and-responsibility-02-1024x767.webp\" alt=\"\" class=\"wp-image-494\" srcset=\"https:\/\/domitur.kobudev.com\/files\/uploads\/2026\/02\/sustainability-and-responsibility-02-1024x767.webp 1024w, https:\/\/domitur.kobudev.com\/files\/uploads\/2026\/02\/sustainability-and-responsibility-02-300x225.webp 300w, https:\/\/domitur.kobudev.com\/files\/uploads\/2026\/02\/sustainability-and-responsibility-02-768x575.webp 768w, https:\/\/domitur.kobudev.com\/files\/uploads\/2026\/02\/sustainability-and-responsibility-02.webp 1476w\" sizes=\"auto, (max-width: 1024px) 100vw, 1024px\" \/><\/figure>\n<\/noscript>\n\n\n<div class=\"wp-block-kobu-custom-blocks-responsive-spacer responsive-spacer size-custom\" data-small=\"20\" data-medium=\"30\" data-large=\"40\" style=\"height:30px\"><\/div><br>\n\n\n\n<p>No centro de cada viagem que concebemos est\u00e1 um profundo compromisso com a preserva\u00e7\u00e3o da identidade regional \u00fanica de Portugal e do seu patrim\u00f3nio hist\u00f3rico. Lideramos o caminho no turismo consciente, criando experi\u00eancias significativas que valorizam as comunidades locais, respeitando ao mesmo tempo a integridade das nossas paisagens naturais. O nosso prop\u00f3sito \u00e9 garantir que a beleza e a alma do nosso pa\u00eds sejam preservadas para as gera\u00e7\u00f5es vindouras.<\/p>\n<\/div>\n<\/div>\n\n<div class=\"wp-block-kobu-custom-blocks-responsive-spacer responsive-spacer size-large\"><\/div><br>\n\n<h2 class=\"wp-block-heading alignwide has-text-align-center\">Sustentabilidade na Domitur<\/h2>\n\n<div class=\"wp-block-kobu-custom-blocks-responsive-spacer responsive-spacer size-medium\"><\/div><br>\n<noscript class=\"loading-lazy\">\n<figure class=\"wp-block-image alignfull size-large\"><img loading=\"lazy\" decoding=\"async\" width=\"1024\" height=\"546\" src=\"https:\/\/domitur.kobudev.com\/files\/uploads\/2026\/02\/wine-tours-01-1024x546.webp\" alt=\"\" class=\"wp-image-503\" srcset=\"https:\/\/domitur.kobudev.com\/files\/uploads\/2026\/02\/wine-tours-01-1024x546.webp 1024w, https:\/\/domitur.kobudev.com\/files\/uploads\/2026\/02\/wine-tours-01-300x160.webp 300w, https:\/\/domitur.kobudev.com\/files\/uploads\/2026\/02\/wine-tours-01-768x410.webp 768w, https:\/\/domitur.kobudev.com\/files\/uploads\/2026\/02\/wine-tours-01-1536x819.webp 1536w, https:\/\/domitur.kobudev.com\/files\/uploads\/2026\/02\/wine-tours-01-2048x1092.webp 2048w\" sizes=\"auto, (max-width: 1024px) 100vw, 1024px\" \/><\/figure>\n<\/noscript>\n<div class=\"wp-block-kobu-custom-blocks-responsive-spacer responsive-spacer size-small\"><\/div><br>\n\n<div class=\"wp-block-kobu-custom-blocks-inner-content-img alignwide media-content-group child-item align-right valign-start img-last\"><div class=\"content-col\"><div class=\"content-col-wrapper\">\n<p>Selecionamos ativamente parceiros e alojamentos que priorizam a efici\u00eancia ambiental e a prote\u00e7\u00e3o da biodiversidade. Ao aproximar os nossos h\u00f3spedes dos artes\u00e3os locais, geramos um impacto econ\u00f3mico direto e positivo nas economias regionais.<\/p>\n\n\n\n<p>A nossa estrat\u00e9gia centra-se na redu\u00e7\u00e3o da pegada ambiental, oferecendo ao mesmo tempo viagens aut\u00eanticas e de luxo que respeitam tanto o planeta como as suas comunidades.<\/p>\n<\/div><\/div><div class=\"media-col\"><figure><img loading=\"lazy\" decoding=\"async\" width=\"1036\" height=\"712\" class=\"wp-image-495\" src=\"https:\/\/domitur.kobudev.com\/files\/uploads\/2026\/02\/sustainability-and-responsibility-03.webp\" alt=\"\" title=\"sustainability-and-responsibility-03\" sizes=\"auto, (min-width: 1201px) 35vw, (min-width: 601px) 50vw, 100vw\" srcset=\"https:\/\/domitur.kobudev.com\/files\/uploads\/2026\/02\/sustainability-and-responsibility-03.webp 1036w, https:\/\/domitur.kobudev.com\/files\/uploads\/2026\/02\/sustainability-and-responsibility-03-300x206.webp 300w, https:\/\/domitur.kobudev.com\/files\/uploads\/2026\/02\/sustainability-and-responsibility-03-1024x704.webp 1024w, https:\/\/domitur.kobudev.com\/files\/uploads\/2026\/02\/sustainability-and-responsibility-03-768x528.webp 768w\" \/><\/figure><\/div><\/div>\n","protected":false},"excerpt":{"rendered":"<p>No centro de cada viagem que concebemos est\u00e1 um profundo compromisso com a preserva\u00e7\u00e3o da identidade regional \u00fanica de Portugal e do seu patrim\u00f3nio hist\u00f3rico. [&hellip;]<\/p>\n","protected":false},"author":1,"featured_media":158,"parent":263,"menu_order":1002,"comment_status":"closed","ping_status":"closed","template":"","meta":{"_acf_changed":false,"inline_featured_image":false,"footnotes":""},"class_list":["post-266","page","type-page","status-publish","has-post-thumbnail","hentry"],"acf":[],"_links":{"self":[{"href":"https:\/\/domitur.kobudev.com\/pt-pt\/wp-json\/wp\/v2\/pages\/266","targetHints":{"allow":["GET"]}}],"collection":[{"href":"https:\/\/domitur.kobudev.com\/pt-pt\/wp-json\/wp\/v2\/pages"}],"about":[{"href":"https:\/\/domitur.kobudev.com\/pt-pt\/wp-json\/wp\/v2\/types\/page"}],"author":[{"embeddable":true,"href":"https:\/\/domitur.kobudev.com\/pt-pt\/wp-json\/wp\/v2\/users\/1"}],"replies":[{"embeddable":true,"href":"https:\/\/domitur.kobudev.com\/pt-pt\/wp-json\/wp\/v2\/comments?post=266"}],"version-history":[{"count":2,"href":"https:\/\/domitur.kobudev.com\/pt-pt\/wp-json\/wp\/v2\/pages\/266\/revisions"}],"predecessor-version":[{"id":34924,"href":"https:\/\/domitur.kobudev.com\/pt-pt\/wp-json\/wp\/v2\/pages\/266\/revisions\/34924"}],"up":[{"embeddable":true,"href":"https:\/\/domitur.kobudev.com\/pt-pt\/wp-json\/wp\/v2\/pages\/263"}],"wp:featuredmedia":[{"embeddable":true,"href":"https:\/\/domitur.kobudev.com\/pt-pt\/wp-json\/wp\/v2\/media\/158"}],"wp:attachment":[{"href":"https:\/\/domitur.kobudev.com\/pt-pt\/wp-json\/wp\/v2\/media?parent=266"}],"curies":[{"name":"wp","href":"https:\/\/api.w.org\/{rel}","templated":true}]}}