{"id":265,"date":"2026-01-26T12:27:48","date_gmt":"2026-01-26T12:27:48","guid":{"rendered":"https:\/\/domitur.kobudev.com\/about-pt\/quem-somos\/"},"modified":"2026-03-06T12:20:52","modified_gmt":"2026-03-06T12:20:52","slug":"quem-somos","status":"publish","type":"page","link":"https:\/\/domitur.kobudev.com\/pt-pt\/sobre\/quem-somos\/","title":{"rendered":"Domitur Travel"},"content":{"rendered":"\n<div class=\"wp-block-kobu-custom-blocks-responsive-spacer responsive-spacer size-large\"><\/div><br>\n\n<div class=\"wp-block-kobu-custom-blocks-inner-content-img alignfull media-content-group child-item align-left valign-start img-last\"><div class=\"content-col\"><div class=\"content-col-wrapper\">\n<h2 class=\"wp-block-heading\">Quem somos<\/h2>\n\n\n\n<h3 class=\"wp-block-heading has-medium-large-font-size\">A Domitur nasceu de uma profunda convic\u00e7\u00e3o na beleza de Portugal, numa altura em que poucos reconheciam verdadeiramente a sua profundidade e diversidade. Vimos, e continuamos a ver, um pa\u00eds extraordin\u00e1rio cuja riqueza ultrapassa largamente a sua dimens\u00e3o.<\/h3>\n\n\n\n<h3 class=\"wp-block-heading has-medium-large-font-size\">Em apenas 800 quil\u00f3metros desenrola-se uma rara concentra\u00e7\u00e3o de costumes, patrim\u00f3nio arquitect\u00f3nico e paisagens contrastantes, uma amplitude excecional para um pa\u00eds t\u00e3o compacto. Do continente \u00e0s ilhas da Madeira e dos A\u00e7ores, cada regi\u00e3o expressa uma identidade pr\u00f3pria e um sentido de lugar comum.<\/h3>\n\n\n\n<h3 class=\"wp-block-heading has-medium-large-font-size\">A nossa miss\u00e3o tem sido sempre dar a conhecer esta alma viva. Unimos conhecimento local profundo com execu\u00e7\u00e3o rigorosa, oferecendo aos operadores tur\u00edsticos de todo o mundo n\u00e3o apenas servi\u00e7os, mas itiner\u00e1rios cuidadosamente concebidos que revelam a autenticidade, o car\u00e1cter e a dimens\u00e3o emocional de Portugal em toda a sua not\u00e1vel diversidade.<\/h3>\n\n\n\n<p>Operadores tur\u00edsticos, ag\u00eancias M.I.C.E. e organiza\u00e7\u00f5es desportivas confiam na Domitur Travel para oferecer experi\u00eancias personalizadas e sem falhas, alicer\u00e7adas em 38 anos de experi\u00eancia incompar\u00e1vel na ind\u00fastria do turismo. Totalmente comprometidos com a excel\u00eancia, disponibilizamos um leque completo de servi\u00e7os \u00e0 medida, incluindo:<\/p>\n\n\n\n<ul class=\"wp-block-list\">\n<li>Servi\u00e7os personalizados de rece\u00e7\u00e3o, transfers privados e transporte premium<\/li>\n\n\n\n<li>Alojamentos hoteleiros selecionados e experi\u00eancias gastron\u00f3micas cuidadosamente escolhidas<\/li>\n\n\n\n<li>Experi\u00eancias de golfe exclusivas e campos de treino desportivo totalmente equipados<\/li>\n\n\n\n<li>Aluguer de autom\u00f3veis de luxo e itiner\u00e1rios fly &amp; drive cuidadosamente planeados<\/li>\n\n\n\n<li>Tours e excurs\u00f5es privados que revelam os tesouros escondidos de cada regi\u00e3o<\/li>\n\n\n\n<li>Espa\u00e7os elegantes para confer\u00eancias e eventos, incluindo encontros tem\u00e1ticos e personalizados<\/li>\n\n\n\n<li>Actividades imersivas e log\u00edstica cuidadosamente coordenada<\/li>\n<\/ul>\n\n\n\n<p><\/p>\n\n\n\n<p>Atrav\u00e9s de um planeamento cuidadoso e execu\u00e7\u00e3o experiente, cada viagem torna-se numa narrativa de descoberta, onde cada momento ressoa e cada experi\u00eancia deixa uma impress\u00e3o duradoura.<\/p>\n<\/div><\/div><div class=\"media-col\"><figure><img loading=\"lazy\" decoding=\"async\" width=\"1476\" height=\"1108\" class=\"wp-image-485\" src=\"https:\/\/domitur.kobudev.com\/files\/uploads\/2026\/02\/golf-05.webp\" alt=\"\" title=\"golf-05\" sizes=\"auto, (min-width: 601px) 50vw, 100vw\" srcset=\"https:\/\/domitur.kobudev.com\/files\/uploads\/2026\/02\/golf-05.webp 1476w, https:\/\/domitur.kobudev.com\/files\/uploads\/2026\/02\/golf-05-300x225.webp 300w, https:\/\/domitur.kobudev.com\/files\/uploads\/2026\/02\/golf-05-1024x769.webp 1024w, https:\/\/domitur.kobudev.com\/files\/uploads\/2026\/02\/golf-05-768x577.webp 768w\" \/><\/figure><\/div><\/div>\n\n<div class=\"wp-block-kobu-custom-blocks-responsive-spacer responsive-spacer size-large\"><\/div><br>\n\n<div class=\"wp-block-group alignfull alignfull-1 is-layout-grid wp-container-core-group-is-layout-baef362d wp-block-group-is-layout-grid\">\n<div class=\"wp-block-group is-layout-constrained wp-block-group-is-layout-constrained\">\n<h2 class=\"wp-block-heading\">Os nossos valores<\/h2>\n\n\n\n<h3 class=\"wp-block-heading has-medium-large-font-size\">Na Domitur, os nossos valores orientam tudo o que fazemos. Constru\u00edmos confian\u00e7a atrav\u00e9s da fiabilidade e integridade, oferecemos uma experi\u00eancia inigual\u00e1vel assente em anos de profundo conhecimento de Portugal, Madeira e A\u00e7ores, e proporcionamos experi\u00eancias personalizadas, adaptadas \u00e0s necessidades \u00fanicas de cada cliente.<\/h3>\n\n\n\n<p>Guiados por estes valores, a nossa miss\u00e3o \u00e9 criar valor excecional para os nossos parceiros de neg\u00f3cio, mantendo pr\u00e1ticas respons\u00e1veis e sustent\u00e1veis, e desenhando experi\u00eancias inovadoras que superem, em todos os aspetos, as expetativas dos nossos clientes.<\/p>\n<\/div>\n\n\n\n<div class=\"wp-block-group is-layout-constrained wp-block-group-is-layout-constrained\">\n<div class=\"wp-block-group alignfull is-nowrap is-layout-flex wp-container-core-group-is-layout-64989fb1 wp-block-group-is-layout-flex\"><noscript class=\"loading-lazy\">\n<figure class=\"wp-block-image size-full\"><img loading=\"lazy\" decoding=\"async\" width=\"818\" height=\"944\" src=\"https:\/\/domitur.kobudev.com\/files\/uploads\/2026\/02\/about-02.webp\" alt=\"\" class=\"wp-image-473\" srcset=\"https:\/\/domitur.kobudev.com\/files\/uploads\/2026\/02\/about-02.webp 818w, https:\/\/domitur.kobudev.com\/files\/uploads\/2026\/02\/about-02-260x300.webp 260w, https:\/\/domitur.kobudev.com\/files\/uploads\/2026\/02\/about-02-768x886.webp 768w\" sizes=\"auto, (max-width: 818px) 100vw, 818px\" \/><\/figure>\n<\/noscript>\n\n<noscript class=\"loading-lazy\">\n<figure class=\"wp-block-image size-full\"><img loading=\"lazy\" decoding=\"async\" width=\"600\" height=\"582\" src=\"https:\/\/domitur.kobudev.com\/files\/uploads\/2026\/02\/about-03.webp\" alt=\"\" class=\"wp-image-474\" srcset=\"https:\/\/domitur.kobudev.com\/files\/uploads\/2026\/02\/about-03.webp 600w, https:\/\/domitur.kobudev.com\/files\/uploads\/2026\/02\/about-03-300x291.webp 300w\" sizes=\"auto, (max-width: 600px) 100vw, 600px\" \/><\/figure>\n<\/noscript><\/div>\n<\/div>\n<\/div>\n\n<div class=\"wp-block-kobu-custom-blocks-responsive-spacer responsive-spacer size-large\"><\/div><br>\n\n<h2 class=\"wp-block-heading alignwide has-text-align-center\">A equipa<\/h2>\n\n<div class=\"wp-block-kobu-custom-blocks-responsive-spacer responsive-spacer size-medium\"><\/div><br>\n\n<div class=\"wp-block-group alignfull grid-4 is-layout-grid wp-container-core-group-is-layout-4d858cb8 wp-block-group-is-layout-grid\">\n<div class=\"wp-block-group is-content-justification-left is-layout-constrained wp-container-core-group-is-layout-8c890d92 wp-block-group-is-layout-constrained\"><noscript class=\"loading-lazy\">\n<figure class=\"wp-block-image alignfull size-full\"><img loading=\"lazy\" decoding=\"async\" width=\"598\" height=\"600\" src=\"https:\/\/domitur.kobudev.com\/files\/uploads\/2026\/02\/team-01.webp\" alt=\"\" class=\"wp-image-496\" srcset=\"https:\/\/domitur.kobudev.com\/files\/uploads\/2026\/02\/team-01.webp 598w, https:\/\/domitur.kobudev.com\/files\/uploads\/2026\/02\/team-01-300x300.webp 300w, https:\/\/domitur.kobudev.com\/files\/uploads\/2026\/02\/team-01-150x150.webp 150w\" sizes=\"auto, (max-width: 598px) 100vw, 598px\" \/><\/figure>\n<\/noscript>\n\n\n<h2 class=\"wp-block-heading alignfull has-medium-large-font-size\">Lorem Ipsum<\/h2>\n\n\n\n<p class=\"alignfull has-text-align-full\">Lorem ipsum dolor<\/p>\n<\/div>\n\n\n\n<div class=\"wp-block-group is-content-justification-left is-layout-constrained wp-container-core-group-is-layout-8c890d92 wp-block-group-is-layout-constrained\"><noscript class=\"loading-lazy\">\n<figure class=\"wp-block-image alignfull size-full\"><img loading=\"lazy\" decoding=\"async\" width=\"598\" height=\"600\" src=\"https:\/\/domitur.kobudev.com\/files\/uploads\/2026\/02\/team-02.webp\" alt=\"\" class=\"wp-image-497\" srcset=\"https:\/\/domitur.kobudev.com\/files\/uploads\/2026\/02\/team-02.webp 598w, https:\/\/domitur.kobudev.com\/files\/uploads\/2026\/02\/team-02-300x300.webp 300w, https:\/\/domitur.kobudev.com\/files\/uploads\/2026\/02\/team-02-150x150.webp 150w\" sizes=\"auto, (max-width: 598px) 100vw, 598px\" \/><\/figure>\n<\/noscript>\n\n\n<h2 class=\"wp-block-heading alignfull has-medium-large-font-size\">Morbi Dictum<\/h2>\n\n\n\n<p class=\"alignfull has-text-align-full\">Nullam viverra dolor<\/p>\n<\/div>\n\n\n\n<div class=\"wp-block-group is-content-justification-left is-layout-constrained wp-container-core-group-is-layout-8c890d92 wp-block-group-is-layout-constrained\"><noscript class=\"loading-lazy\">\n<figure class=\"wp-block-image alignfull size-full\"><img loading=\"lazy\" decoding=\"async\" width=\"598\" height=\"600\" src=\"https:\/\/domitur.kobudev.com\/files\/uploads\/2026\/02\/team-03.webp\" alt=\"\" class=\"wp-image-498\" srcset=\"https:\/\/domitur.kobudev.com\/files\/uploads\/2026\/02\/team-03.webp 598w, https:\/\/domitur.kobudev.com\/files\/uploads\/2026\/02\/team-03-300x300.webp 300w, https:\/\/domitur.kobudev.com\/files\/uploads\/2026\/02\/team-03-150x150.webp 150w\" sizes=\"auto, (max-width: 598px) 100vw, 598px\" \/><\/figure>\n<\/noscript>\n\n\n<h2 class=\"wp-block-heading alignfull has-medium-large-font-size\">Aliquam Hendrerit<\/h2>\n\n\n\n<p class=\"alignfull has-text-align-full\">Vestibulum sit amet<\/p>\n<\/div>\n\n\n\n<div class=\"wp-block-group is-content-justification-left is-layout-constrained wp-container-core-group-is-layout-8c890d92 wp-block-group-is-layout-constrained\"><noscript class=\"loading-lazy\">\n<figure class=\"wp-block-image alignfull size-full\"><img loading=\"lazy\" decoding=\"async\" width=\"598\" height=\"600\" src=\"https:\/\/domitur.kobudev.com\/files\/uploads\/2026\/02\/team-04.webp\" alt=\"\" class=\"wp-image-499\" srcset=\"https:\/\/domitur.kobudev.com\/files\/uploads\/2026\/02\/team-04.webp 598w, https:\/\/domitur.kobudev.com\/files\/uploads\/2026\/02\/team-04-300x300.webp 300w, https:\/\/domitur.kobudev.com\/files\/uploads\/2026\/02\/team-04-150x150.webp 150w\" sizes=\"auto, (max-width: 598px) 100vw, 598px\" \/><\/figure>\n<\/noscript>\n\n\n<h2 class=\"wp-block-heading alignfull has-medium-large-font-size\">Donec Pharetra<\/h2>\n\n\n\n<p class=\"alignfull has-text-align-full\">Aenean ipsum tortor<\/p>\n<\/div>\n\n\n\n<div class=\"wp-block-group is-content-justification-left is-layout-constrained wp-container-core-group-is-layout-8c890d92 wp-block-group-is-layout-constrained\"><noscript class=\"loading-lazy\">\n<figure class=\"wp-block-image alignfull size-full\"><img loading=\"lazy\" decoding=\"async\" width=\"598\" height=\"600\" src=\"https:\/\/domitur.kobudev.com\/files\/uploads\/2026\/02\/team-05.webp\" alt=\"\" class=\"wp-image-500\" srcset=\"https:\/\/domitur.kobudev.com\/files\/uploads\/2026\/02\/team-05.webp 598w, https:\/\/domitur.kobudev.com\/files\/uploads\/2026\/02\/team-05-300x300.webp 300w, https:\/\/domitur.kobudev.com\/files\/uploads\/2026\/02\/team-05-150x150.webp 150w\" sizes=\"auto, (max-width: 598px) 100vw, 598px\" \/><\/figure>\n<\/noscript>\n\n\n<h2 class=\"wp-block-heading alignfull has-medium-large-font-size\">Aliquam Hendrerit<\/h2>\n\n\n\n<p class=\"alignfull has-text-align-full\">Vestibulum sit amet<\/p>\n<\/div>\n\n\n\n<div class=\"wp-block-group is-content-justification-left is-layout-constrained wp-container-core-group-is-layout-8c890d92 wp-block-group-is-layout-constrained\"><noscript class=\"loading-lazy\">\n<figure class=\"wp-block-image alignfull size-full\"><img loading=\"lazy\" decoding=\"async\" width=\"598\" height=\"600\" src=\"https:\/\/domitur.kobudev.com\/files\/uploads\/2026\/02\/team-06.webp\" alt=\"\" class=\"wp-image-501\" srcset=\"https:\/\/domitur.kobudev.com\/files\/uploads\/2026\/02\/team-06.webp 598w, https:\/\/domitur.kobudev.com\/files\/uploads\/2026\/02\/team-06-300x300.webp 300w, https:\/\/domitur.kobudev.com\/files\/uploads\/2026\/02\/team-06-150x150.webp 150w\" sizes=\"auto, (max-width: 598px) 100vw, 598px\" \/><\/figure>\n<\/noscript>\n\n\n<h2 class=\"wp-block-heading alignfull has-medium-large-font-size\">Donec Pharetra<\/h2>\n\n\n\n<p class=\"alignfull has-text-align-full\">Aenean ipsum tortor<\/p>\n<\/div>\n\n\n\n<div class=\"wp-block-group is-content-justification-left is-layout-constrained wp-container-core-group-is-layout-8c890d92 wp-block-group-is-layout-constrained\"><noscript class=\"loading-lazy\">\n<figure class=\"wp-block-image alignfull size-full\"><img loading=\"lazy\" decoding=\"async\" width=\"598\" height=\"600\" src=\"https:\/\/domitur.kobudev.com\/files\/uploads\/2026\/02\/team-07.webp\" alt=\"\" class=\"wp-image-502\" srcset=\"https:\/\/domitur.kobudev.com\/files\/uploads\/2026\/02\/team-07.webp 598w, https:\/\/domitur.kobudev.com\/files\/uploads\/2026\/02\/team-07-300x300.webp 300w, https:\/\/domitur.kobudev.com\/files\/uploads\/2026\/02\/team-07-150x150.webp 150w\" sizes=\"auto, (max-width: 598px) 100vw, 598px\" \/><\/figure>\n<\/noscript>\n\n\n<h2 class=\"wp-block-heading alignfull has-medium-large-font-size\">Lorem Ipsum<\/h2>\n\n\n\n<p class=\"alignfull has-text-align-full\">Lorem ipsum dolor<\/p>\n<\/div>\n<\/div>\n\n<p><\/p>\n","protected":false},"excerpt":{"rendered":"<p>Os nossos valores Na Domitur, os nossos valores orientam tudo o que fazemos. Constru\u00edmos confian\u00e7a atrav\u00e9s da fiabilidade e integridade, oferecemos uma experi\u00eancia inigual\u00e1vel assente [&hellip;]<\/p>\n","protected":false},"author":2,"featured_media":568,"parent":263,"menu_order":1001,"comment_status":"closed","ping_status":"closed","template":"templates\/who-we-are.php","meta":{"_acf_changed":false,"inline_featured_image":false,"footnotes":""},"class_list":["post-265","page","type-page","status-publish","has-post-thumbnail","hentry"],"acf":[],"_links":{"self":[{"href":"https:\/\/domitur.kobudev.com\/pt-pt\/wp-json\/wp\/v2\/pages\/265","targetHints":{"allow":["GET"]}}],"collection":[{"href":"https:\/\/domitur.kobudev.com\/pt-pt\/wp-json\/wp\/v2\/pages"}],"about":[{"href":"https:\/\/domitur.kobudev.com\/pt-pt\/wp-json\/wp\/v2\/types\/page"}],"author":[{"embeddable":true,"href":"https:\/\/domitur.kobudev.com\/pt-pt\/wp-json\/wp\/v2\/users\/2"}],"replies":[{"embeddable":true,"href":"https:\/\/domitur.kobudev.com\/pt-pt\/wp-json\/wp\/v2\/comments?post=265"}],"version-history":[{"count":2,"href":"https:\/\/domitur.kobudev.com\/pt-pt\/wp-json\/wp\/v2\/pages\/265\/revisions"}],"predecessor-version":[{"id":34919,"href":"https:\/\/domitur.kobudev.com\/pt-pt\/wp-json\/wp\/v2\/pages\/265\/revisions\/34919"}],"up":[{"embeddable":true,"href":"https:\/\/domitur.kobudev.com\/pt-pt\/wp-json\/wp\/v2\/pages\/263"}],"wp:featuredmedia":[{"embeddable":true,"href":"https:\/\/domitur.kobudev.com\/pt-pt\/wp-json\/wp\/v2\/media\/568"}],"wp:attachment":[{"href":"https:\/\/domitur.kobudev.com\/pt-pt\/wp-json\/wp\/v2\/media?parent=265"}],"curies":[{"name":"wp","href":"https:\/\/api.w.org\/{rel}","templated":true}]}}