{"id":261,"date":"2026-01-26T12:27:44","date_gmt":"2026-01-26T12:27:44","guid":{"rendered":"https:\/\/domitur.kobudev.com\/journeys-pt\/desporto-e-eventos\/"},"modified":"2026-03-06T11:58:01","modified_gmt":"2026-03-06T11:58:01","slug":"desporto-e-eventos","status":"publish","type":"page","link":"https:\/\/domitur.kobudev.com\/pt-pt\/experiencias\/desporto-e-eventos\/","title":{"rendered":"Desporto e Eventos"},"content":{"rendered":"\n<div class=\"wp-block-kobu-custom-blocks-responsive-spacer responsive-spacer size-large\"><\/div>\n\n<div class=\"wp-block-kobu-custom-blocks-inner-content-img alignwide media-content-group child-item align-right valign-center img-last alignwide-1 animated-image\"><div class=\"content-col\"><div class=\"content-col-wrapper\">\n<h2 class=\"wp-block-heading\">Domitur: Especialistas em gest\u00e3o de eventos e desporto em Portugal<\/h2>\n\n\n\n<p>Com d\u00e9cadas de experi\u00eancia em gest\u00e3o de destinos, a Domitur Travel \u00e9 um especialista de refer\u00eancia em turismo desportivo, eventos corporativos e programas de viagens de alto desempenho em Portugal.<\/p>\n\n\n\n<p>Com base em d\u00e9cadas de experi\u00eancia, proporcionamos campos de treino de elite e log\u00edstica desportiva que harmonizam instala\u00e7\u00f5es de alto desempenho com o \u00fanico estilo de vida mediterr\u00e2nico de Portugal.<\/p>\n\n\n\n<p>Oferecemos a atletas e equipas um ambiente integrado, onde o rigor t\u00e9cnico se alia \u00e0 hospitalidade calorosa e ao clima revitalizante das nossas regi\u00f5es. Transformamos cada jornada desportiva numa descoberta do nosso pa\u00eds, criando embaixadores do patrim\u00f3nio atl\u00e9tico de classe mundial de Portugal.<\/p>\n<\/div><\/div><div class=\"media-col\"><figure><img loading=\"lazy\" decoding=\"async\" width=\"1258\" height=\"1444\" class=\"wp-image-490\" src=\"https:\/\/domitur.kobudev.com\/files\/uploads\/2026\/02\/sports-and-events-02.webp\" alt=\"\" title=\"sports-and-events-02\" sizes=\"auto, (min-width: 1201px) 35vw, (min-width: 601px) 50vw, 100vw\" srcset=\"https:\/\/domitur.kobudev.com\/files\/uploads\/2026\/02\/sports-and-events-02.webp 1258w, https:\/\/domitur.kobudev.com\/files\/uploads\/2026\/02\/sports-and-events-02-261x300.webp 261w, https:\/\/domitur.kobudev.com\/files\/uploads\/2026\/02\/sports-and-events-02-892x1024.webp 892w, https:\/\/domitur.kobudev.com\/files\/uploads\/2026\/02\/sports-and-events-02-768x882.webp 768w\" \/><\/figure><\/div><\/div>\n\n<div class=\"wp-block-kobu-custom-blocks-responsive-spacer responsive-spacer size-custom\" style=\"height: 30px;\" data-small=\"30\" data-medium=\"30\" data-large=\"30\"><\/div>\n\n<div class=\"wp-block-kobu-custom-blocks-inner-content-img alignfull media-content-group child-item align-left valign-start img-last\"><div class=\"content-col\"><div class=\"content-col-wrapper\">\n<div class=\"wp-block-kobu-custom-blocks-responsive-spacer responsive-spacer size-large hide-xs\"><\/div>\n\n\n\n<h2 class=\"wp-block-heading\">L\u00edder em Eventos Corporativos e Incentivos em Portugal<\/h2>\n\n\n\n<p class=\"has-text-align-left\">Como Organizador Profissional de Confer\u00eancias (PCO) e DMC, a Domitur realiza eventos corporativos e programas de incentivos que combinam planeamento estrat\u00e9gico com execu\u00e7\u00e3o excepcional.<\/p>\n\n\n\n<p class=\"has-text-align-left\">Como Organizador Profissional de Confer\u00eancias (PCO) e DMC, a Domitur realiza eventos corporativos e programas de incentivos que combinam planeamento estrat\u00e9gico com execu\u00e7\u00e3o excepcional.<\/p>\n\n\n\n<p>Organizamos:<\/p>\n\n\n\n<ul class=\"wp-block-list\">\n<li>Reuni\u00f5es Executivas<\/li>\n\n\n\n<li>Lan\u00e7amento de Produtos<\/li>\n\n\n\n<li>Congressos e Confer\u00eancias Internacionais<\/li>\n\n\n\n<li>Programas de viagens de incentivo e team-building<\/li>\n<\/ul>\n\n\n\n<p><\/p>\n\n\n\n<p>Portugal oferece uma gama not\u00e1vel de espa\u00e7os, desde modernos centros de conven\u00e7\u00f5es at\u00e9 castelos, pal\u00e1cios, quintas e adegas. A Domitur selecciona com rigor cada elemento atrav\u00e9s de uma equipa especializada e multil\u00edngue, dedicada a criar solu\u00e7\u00f5es \u00e0 medida que reflectem os seus objectivos e a imagem da sua marca.<\/p>\n\n\n\n<p>Os nossos servi\u00e7os incluem:<\/p>\n\n\n\n<ul class=\"wp-block-list\">\n<li>Sele\u00e7\u00e3o de espa\u00e7os e visitas t\u00e9cnicas<\/li>\n\n\n\n<li>Negocia\u00e7\u00e3o com fornecedores e gest\u00e3o de contratos<\/li>\n\n\n\n<li>Planeamento de alojamento e elabora\u00e7\u00e3o de listas de quartos<\/li>\n\n\n\n<li>Transportes e transfers<\/li>\n\n\n\n<li>Gest\u00e3o do evento no local e servi\u00e7os de registo<\/li>\n\n\n\n<li>Eventos sociais, jantares de gala e atividades de team-building.<\/li>\n<\/ul>\n\n\n\n<p><\/p>\n\n\n\n<p class=\"has-text-align-left\">Comprometemo-nos a responder no prazo de 24 a 48 horas, garantindo agilidade e efici\u00eancia desde o primeiro contacto.<\/p>\n<\/div><\/div><div class=\"media-col\"><figure><img loading=\"lazy\" decoding=\"async\" width=\"1476\" height=\"1106\" class=\"wp-image-491\" src=\"https:\/\/domitur.kobudev.com\/files\/uploads\/2026\/02\/sports-and-events-03.webp\" alt=\"\" title=\"sports-and-events-03\" sizes=\"auto, (min-width: 601px) 50vw, 100vw\" srcset=\"https:\/\/domitur.kobudev.com\/files\/uploads\/2026\/02\/sports-and-events-03.webp 1476w, https:\/\/domitur.kobudev.com\/files\/uploads\/2026\/02\/sports-and-events-03-300x225.webp 300w, https:\/\/domitur.kobudev.com\/files\/uploads\/2026\/02\/sports-and-events-03-1024x767.webp 1024w, https:\/\/domitur.kobudev.com\/files\/uploads\/2026\/02\/sports-and-events-03-768x575.webp 768w\" \/><\/figure><\/div><\/div>\n\n<div class=\"wp-block-kobu-custom-blocks-responsive-spacer responsive-spacer size-large\"><\/div>\n\n<div class=\"wp-block-kobu-custom-blocks-section-wrapper alignfull kobu-section has-background has-lightgray-background-color\">\n<div class=\"wp-block-kobu-custom-blocks-responsive-spacer responsive-spacer size-large\"><\/div>\n\n\n\n<h2 class=\"wp-block-heading alignwide has-text-align-center\">Casamentos e Lua-de-mel em Portugal<\/h2>\n\n\n\n<div class=\"wp-block-kobu-custom-blocks-responsive-spacer responsive-spacer size-medium\"><\/div>\n\n\n<noscript class=\"loading-lazy\">\n<figure class=\"wp-block-image alignfull size-large\"><img loading=\"lazy\" decoding=\"async\" width=\"1024\" height=\"548\" src=\"https:\/\/domitur.kobudev.com\/files\/uploads\/2026\/02\/sports-and-events-04-1024x548.webp\" alt=\"\" class=\"wp-image-509\" srcset=\"https:\/\/domitur.kobudev.com\/files\/uploads\/2026\/02\/sports-and-events-04-1024x548.webp 1024w, https:\/\/domitur.kobudev.com\/files\/uploads\/2026\/02\/sports-and-events-04-300x160.webp 300w, https:\/\/domitur.kobudev.com\/files\/uploads\/2026\/02\/sports-and-events-04-768x411.webp 768w, https:\/\/domitur.kobudev.com\/files\/uploads\/2026\/02\/sports-and-events-04-1536x822.webp 1536w, https:\/\/domitur.kobudev.com\/files\/uploads\/2026\/02\/sports-and-events-04-2048x1096.webp 2048w\" sizes=\"auto, (max-width: 1024px) 100vw, 1024px\" \/><\/figure>\n<\/noscript>\n\n\n<div class=\"wp-block-kobu-custom-blocks-responsive-spacer responsive-spacer size-medium\"><\/div>\n\n\n\n<h3 class=\"wp-block-heading\">Procura da lua-de-mel perfeita?<\/h3>\n\n\n\n<p>Portugal \u00e9 o cen\u00e1rio perfeito para dias de celebra\u00e7\u00e3o repletos de indulg\u00eancia ap\u00f3s um casamento. A Domitur possui vasta experi\u00eancia na cria\u00e7\u00e3o de viagens de lua-de-mel completas e sem complica\u00e7\u00f5es, permitindo aos casais concentrar-se inteiramente no que realmente importa \u2014 celebrar o amor e descobrir Portugal no seu lado mais encantador.<\/p>\n\n\n\n<p class=\"has-text-align-left\">Os nossos programas podem abranger todo o pa\u00eds ou concentrar-se profundamente numa \u00fanica regi\u00e3o, adaptados com precis\u00e3o \u00e0 vis\u00e3o de cada casal. Quer o desejo seja por descoberta cultural, relaxamento sereno, explora\u00e7\u00e3o imersiva ou uma escapadela mais aventureira, a Domitur cria uma lua-de-mel personalizada que reflete cada prefer\u00eancia. Do norte ao sul, do interior \u00e0 costa, Portugal oferece possibilidades infinitas, e garantimos que cada momento seja cuidadosamente planeado para criar dias inesquec\u00edveis dedicados ao amor.<\/p>\n\n\n\n<p class=\"has-text-align-left\">Al\u00e9m disso, oferecemos servi\u00e7os de apoio dedicados a casamentos. Em parceria com wedding planners experientes, assistimos n\u00e3o s\u00f3 o casal, mas tamb\u00e9m os seus convidados, que podem optar por prolongar a estadia e descobrir Portugal para l\u00e1 da celebra\u00e7\u00e3o, garantindo uma experi\u00eancia cont\u00ednua e memor\u00e1vel para todos.<\/p>\n\n\n\n<div class=\"wp-block-kobu-custom-blocks-responsive-spacer responsive-spacer size-large\"><\/div>\n<\/div>\n\n<div class=\"wp-block-kobu-custom-blocks-responsive-spacer responsive-spacer size-large\"><\/div>\n\n<h2 class=\"wp-block-heading alignwide has-text-align-center hidden-title\">Testemunhos<\/h2>\n<div class=\"container-wrapper alignfull testimonials-slider-block\">\n\t<div class=\"container xlarge\">\n\t\t<div class=\"slider-gallery multiple\"><ul class=\"gallery\" role=\"list\" data-slide=\"0\" tabindex=\"0\"><li class=\"slide\" role=\"listitem\">\t\t\t\t\t\t\t<div class=\"testimonials-card\">\n\t\t\t\t\t\t\t\t<h3>\u201cLorem ipsum dolor sit amet, consectetur adipiscing elit. Nunc tincidunt.\u201d<\/h3>\n\t\t\t\t\t\t\t\t<h4>Taylor Morgan, Travel Agent<\/h4>\n\t\t\t\t\t\t\t<\/div>\n\t\t\t\t\t\t<\/li>\n\t\t\t<li class=\"slide\" role=\"listitem\">\t\t\t\t\t\t\t<div class=\"testimonials-card\">\n\t\t\t\t\t\t\t\t<h3>\u201cNam eu felis a lectus sagittis cursus non ut odio. Proin ultricies massa at maximus molestie.\u201d<\/h3>\n\t\t\t\t\t\t\t\t<h4>Jordan Reyes, Travel Agent<\/h4>\n\t\t\t\t\t\t\t<\/div>\n\t\t\t\t\t\t<\/li>\n\t\t\t<li class=\"slide\" role=\"listitem\">\t\t\t\t\t\t\t<div class=\"testimonials-card\">\n\t\t\t\t\t\t\t\t<h3>\u201cSed aliquam sed nisi sed sagittis. Duis ut tempus massa. Ut nec urna nec erat.\u201d<\/h3>\n\t\t\t\t\t\t\t\t<h4>Alex Carter, Travel Agent<\/h4>\n\t\t\t\t\t\t\t<\/div>\n\t\t\t\t\t\t<\/li>\n\t\t\t<li class=\"slide\" role=\"listitem\">\t\t\t\t\t\t\t<div class=\"testimonials-card\">\n\t\t\t\t\t\t\t\t<h3>\u201cMauris nec lorem est. Praesent faucibus venenatis nulla, quis consectetur leo malesuada nec.\u201d<\/h3>\n\t\t\t\t\t\t\t\t<h4>John Smith, Travel Agent<\/h4>\n\t\t\t\t\t\t\t<\/div>\n\t\t\t\t\t\t<\/li>\n\t\t\t<\/ul><\/div>\t<\/div>\n<\/div>\n<div class=\"wp-block-kobu-custom-blocks-responsive-spacer responsive-spacer size-large\"><\/div>\n\n<h2 class=\"wp-block-heading alignwide has-text-align-center\">Casos de Estudo<\/h2>\n\n<div class=\"wp-block-kobu-custom-blocks-responsive-spacer responsive-spacer size-medium\"><\/div>\n<div class=\"container-wrapper alignfull posts-slider-block slider-casestudy\">\n\t<div class=\"container xlarge\">\n\t\t\t<\/div>\n<\/div>\n<div class=\"wp-block-kobu-custom-blocks-section-wrapper alignfull kobu-section\">\n<div class=\"wp-block-kobu-custom-blocks-responsive-spacer responsive-spacer size-large\"><\/div>\n\n\n\n<h2 class=\"wp-block-heading alignwide has-text-align-center has-huge-font-size\">Artigos Relacionados<\/h2>\n\n\n\n<div class=\"wp-block-kobu-custom-blocks-responsive-spacer responsive-spacer size-medium\"><\/div>\n\n\n<div class=\"container-wrapper alignfull posts-slider-block slider-article\">\n\t<div class=\"container xlarge\">\n\t\t\t<\/div>\n<\/div>\n\n\n<div class=\"wp-block-kobu-custom-blocks-responsive-spacer responsive-spacer size-large\"><\/div>\n<\/div>\n\n<p><\/p>\n","protected":false},"excerpt":{"rendered":"<p>Testemunhos Casos de Estudo<\/p>\n","protected":false},"author":2,"featured_media":560,"parent":247,"menu_order":1005,"comment_status":"closed","ping_status":"closed","template":"","meta":{"_acf_changed":false,"inline_featured_image":false,"footnotes":""},"class_list":["post-261","page","type-page","status-publish","has-post-thumbnail","hentry"],"acf":[],"_links":{"self":[{"href":"https:\/\/domitur.kobudev.com\/pt-pt\/wp-json\/wp\/v2\/pages\/261","targetHints":{"allow":["GET"]}}],"collection":[{"href":"https:\/\/domitur.kobudev.com\/pt-pt\/wp-json\/wp\/v2\/pages"}],"about":[{"href":"https:\/\/domitur.kobudev.com\/pt-pt\/wp-json\/wp\/v2\/types\/page"}],"author":[{"embeddable":true,"href":"https:\/\/domitur.kobudev.com\/pt-pt\/wp-json\/wp\/v2\/users\/2"}],"replies":[{"embeddable":true,"href":"https:\/\/domitur.kobudev.com\/pt-pt\/wp-json\/wp\/v2\/comments?post=261"}],"version-history":[{"count":2,"href":"https:\/\/domitur.kobudev.com\/pt-pt\/wp-json\/wp\/v2\/pages\/261\/revisions"}],"predecessor-version":[{"id":34863,"href":"https:\/\/domitur.kobudev.com\/pt-pt\/wp-json\/wp\/v2\/pages\/261\/revisions\/34863"}],"up":[{"embeddable":true,"href":"https:\/\/domitur.kobudev.com\/pt-pt\/wp-json\/wp\/v2\/pages\/247"}],"wp:featuredmedia":[{"embeddable":true,"href":"https:\/\/domitur.kobudev.com\/pt-pt\/wp-json\/wp\/v2\/media\/560"}],"wp:attachment":[{"href":"https:\/\/domitur.kobudev.com\/pt-pt\/wp-json\/wp\/v2\/media?parent=261"}],"curies":[{"name":"wp","href":"https:\/\/api.w.org\/{rel}","templated":true}]}}