{"id":259,"date":"2026-01-26T12:27:42","date_gmt":"2026-01-26T12:27:42","guid":{"rendered":"https:\/\/domitur.kobudev.com\/journeys-pt\/tours-de-vinhos\/"},"modified":"2026-03-06T11:40:46","modified_gmt":"2026-03-06T11:40:46","slug":"wine-tours","status":"publish","type":"page","link":"https:\/\/domitur.kobudev.com\/pt-pt\/experiencias\/wine-tours\/","title":{"rendered":"Wine Tours"},"content":{"rendered":"\n<div class=\"wp-block-kobu-custom-blocks-responsive-spacer responsive-spacer size-large\"><\/div>\n\n<div class=\"wp-block-kobu-custom-blocks-inner-content-img alignwide media-content-group child-item align-right valign-center img-last alignwide-1 animated-image\"><div class=\"content-col\"><div class=\"content-col-wrapper\">\n<h2 class=\"wp-block-heading\">Regi\u00f5es e Experi\u00eancias V\u00ednicas Exclusivas com assinatura Domitur<\/h2>\n\n\n\n<p>Explorar a cultura v\u00ednica de Portugal \u00e9 uma viagem pelo patrim\u00f3nio, pelas paisagens e pelo requintado saber-fazer.<\/p>\n\n\n\n<p>Na Domitur, criamos roteiros v\u00ednicos exclusivos em Portugal, que oferecem acesso privilegiado a quintas privadas, adegas hist\u00f3ricas e conceituados produtores de vinho, muitos dos quais recebem apenas os nossos h\u00f3spedes.<\/p>\n\n\n\n<p>Gra\u00e7as \u00e0s nossas duradouras rela\u00e7\u00f5es pessoais com vin\u00edcolas de todo o pa\u00eds, desenhamos itiner\u00e1rios que v\u00e3o muito al\u00e9m das provas de vinho convencionais. Cada experi\u00eancia \u00e9 um encontro aut\u00eantico com a terra, com as suas gentes e com as tradi\u00e7\u00f5es que definem as regi\u00f5es v\u00ednicas de classe mundial de Portugal.<\/p>\n<\/div><\/div><div class=\"media-col\"><figure><img loading=\"lazy\" decoding=\"async\" width=\"1258\" height=\"1444\" class=\"wp-image-504\" src=\"https:\/\/domitur.kobudev.com\/files\/uploads\/2026\/02\/wine-tours-02.webp\" alt=\"\" title=\"wine-tours-02\" sizes=\"auto, (min-width: 1201px) 35vw, (min-width: 601px) 50vw, 100vw\" srcset=\"https:\/\/domitur.kobudev.com\/files\/uploads\/2026\/02\/wine-tours-02.webp 1258w, https:\/\/domitur.kobudev.com\/files\/uploads\/2026\/02\/wine-tours-02-261x300.webp 261w, https:\/\/domitur.kobudev.com\/files\/uploads\/2026\/02\/wine-tours-02-892x1024.webp 892w, https:\/\/domitur.kobudev.com\/files\/uploads\/2026\/02\/wine-tours-02-768x882.webp 768w\" \/><\/figure><\/div><\/div>\n\n<div class=\"wp-block-kobu-custom-blocks-responsive-spacer responsive-spacer size-custom\" style=\"height: 30px;\" data-small=\"30\" data-medium=\"30\" data-large=\"30\"><\/div>\n\n<div class=\"wp-block-kobu-custom-blocks-inner-content-img alignfull media-content-group child-item align-left valign-start img-last\"><div class=\"content-col\"><div class=\"content-col-wrapper\">\n<div class=\"wp-block-kobu-custom-blocks-responsive-spacer responsive-spacer size-large hide-xs\"><\/div>\n\n\n\n<p>Combinamos o melhor dos vinhos portugueses com encantadoras estadias em vinhedos e uma gastronomia requintada, garantindo que cada momento seja vivido com serenidade e distin\u00e7\u00e3o.<\/p>\n\n\n\n<p>Deixe que a nossa curadoria o guie por um Portugal vitivin\u00edcola, visto atrav\u00e9s de uma perspetiva verdadeiramente privilegiada.<\/p>\n<\/div><\/div><div class=\"media-col\"><figure><img loading=\"lazy\" decoding=\"async\" width=\"1476\" height=\"1106\" class=\"wp-image-505\" src=\"https:\/\/domitur.kobudev.com\/files\/uploads\/2026\/02\/wine-tours-03.webp\" alt=\"\" title=\"wine-tours-03\" sizes=\"auto, (min-width: 601px) 50vw, 100vw\" srcset=\"https:\/\/domitur.kobudev.com\/files\/uploads\/2026\/02\/wine-tours-03.webp 1476w, https:\/\/domitur.kobudev.com\/files\/uploads\/2026\/02\/wine-tours-03-300x225.webp 300w, https:\/\/domitur.kobudev.com\/files\/uploads\/2026\/02\/wine-tours-03-1024x767.webp 1024w, https:\/\/domitur.kobudev.com\/files\/uploads\/2026\/02\/wine-tours-03-768x575.webp 768w\" \/><\/figure><\/div><\/div>\n\n<div class=\"wp-block-kobu-custom-blocks-responsive-spacer responsive-spacer size-custom\" style=\"height: 30px;\" data-small=\"30\" data-medium=\"30\" data-large=\"30\"><\/div>\n\n<div class=\"wp-block-kobu-custom-blocks-inner-content-img alignwide media-content-group child-item align-right valign-center img-last alignwide-1 animated-image\"><div class=\"content-col\"><div class=\"content-col-wrapper\">\n<p>Sinta o tempo abrandar enquanto saboreia um encorpado vinho tinto com vista para os socalcos do Douro, onde cada copo reflete s\u00e9culos de dedica\u00e7\u00e3o esculpidos na paisagem.<\/p>\n\n\n\n<p>Desfrute da tranquilidade do Alentejo, partilhando vinhos tradicionais de pote de barro ao p\u00f4r do sol entre sobreiros e plan\u00edcies douradas, e descubra o car\u00e1cter vibrante dos vinhos do Algarve, onde os aromas dos vinhedos se fundem com a brisa atl\u00e2ntica.<\/p>\n\n\n\n<p>Com a Domitur, o vinho desenrola-se como uma hist\u00f3ria viva, entrela\u00e7ando a beleza dos vinhedos de Portugal, a riqueza das suas tradi\u00e7\u00f5es e momentos que levar\u00e1 consigo para sempre.<\/p>\n<\/div><\/div><div class=\"media-col\"><figure><img loading=\"lazy\" decoding=\"async\" width=\"1258\" height=\"1444\" class=\"wp-image-504\" src=\"https:\/\/domitur.kobudev.com\/files\/uploads\/2026\/02\/wine-tours-02.webp\" alt=\"\" title=\"wine-tours-02\" sizes=\"auto, (min-width: 1201px) 35vw, (min-width: 601px) 50vw, 100vw\" srcset=\"https:\/\/domitur.kobudev.com\/files\/uploads\/2026\/02\/wine-tours-02.webp 1258w, https:\/\/domitur.kobudev.com\/files\/uploads\/2026\/02\/wine-tours-02-261x300.webp 261w, https:\/\/domitur.kobudev.com\/files\/uploads\/2026\/02\/wine-tours-02-892x1024.webp 892w, https:\/\/domitur.kobudev.com\/files\/uploads\/2026\/02\/wine-tours-02-768x882.webp 768w\" \/><\/figure><\/div><\/div>\n\n<div class=\"wp-block-kobu-custom-blocks-section-wrapper alignfull kobu-section\">\n<div class=\"wp-block-kobu-custom-blocks-responsive-spacer responsive-spacer size-large\"><\/div>\n\n\n\n<h2 class=\"wp-block-heading alignwide has-text-align-center has-huge-font-size\">Related articles<\/h2>\n\n\n\n<div class=\"wp-block-kobu-custom-blocks-responsive-spacer responsive-spacer size-medium\"><\/div>\n\n\n<div class=\"container-wrapper alignfull posts-slider-block slider-article\">\n\t<div class=\"container xlarge\">\n\t\t\t<\/div>\n<\/div>\n\n\n<div class=\"wp-block-kobu-custom-blocks-responsive-spacer responsive-spacer size-large\"><\/div>\n<\/div>\n","protected":false},"excerpt":{"rendered":"","protected":false},"author":2,"featured_media":558,"parent":247,"menu_order":1004,"comment_status":"closed","ping_status":"closed","template":"","meta":{"_acf_changed":false,"inline_featured_image":false,"footnotes":""},"class_list":["post-259","page","type-page","status-publish","has-post-thumbnail","hentry"],"acf":[],"_links":{"self":[{"href":"https:\/\/domitur.kobudev.com\/pt-pt\/wp-json\/wp\/v2\/pages\/259","targetHints":{"allow":["GET"]}}],"collection":[{"href":"https:\/\/domitur.kobudev.com\/pt-pt\/wp-json\/wp\/v2\/pages"}],"about":[{"href":"https:\/\/domitur.kobudev.com\/pt-pt\/wp-json\/wp\/v2\/types\/page"}],"author":[{"embeddable":true,"href":"https:\/\/domitur.kobudev.com\/pt-pt\/wp-json\/wp\/v2\/users\/2"}],"replies":[{"embeddable":true,"href":"https:\/\/domitur.kobudev.com\/pt-pt\/wp-json\/wp\/v2\/comments?post=259"}],"version-history":[{"count":2,"href":"https:\/\/domitur.kobudev.com\/pt-pt\/wp-json\/wp\/v2\/pages\/259\/revisions"}],"predecessor-version":[{"id":34859,"href":"https:\/\/domitur.kobudev.com\/pt-pt\/wp-json\/wp\/v2\/pages\/259\/revisions\/34859"}],"up":[{"embeddable":true,"href":"https:\/\/domitur.kobudev.com\/pt-pt\/wp-json\/wp\/v2\/pages\/247"}],"wp:featuredmedia":[{"embeddable":true,"href":"https:\/\/domitur.kobudev.com\/pt-pt\/wp-json\/wp\/v2\/media\/558"}],"wp:attachment":[{"href":"https:\/\/domitur.kobudev.com\/pt-pt\/wp-json\/wp\/v2\/media?parent=259"}],"curies":[{"name":"wp","href":"https:\/\/api.w.org\/{rel}","templated":true}]}}