{"id":257,"date":"2026-01-26T12:27:40","date_gmt":"2026-01-26T12:27:40","guid":{"rendered":"https:\/\/domitur.kobudev.com\/journeys-pt\/tours-de-natureza\/"},"modified":"2026-03-06T11:33:22","modified_gmt":"2026-03-06T11:33:22","slug":"nature-tours","status":"publish","type":"page","link":"https:\/\/domitur.kobudev.com\/pt-pt\/experiencias\/nature-tours\/","title":{"rendered":"Nature Tours"},"content":{"rendered":"\n<div class=\"wp-block-kobu-custom-blocks-responsive-spacer responsive-spacer size-large\"><\/div>\n\n<div class=\"wp-block-kobu-custom-blocks-inner-content-img alignwide media-content-group child-item align-right valign-center img-last alignwide-1 animated-image\"><div class=\"content-col\"><div class=\"content-col-wrapper\">\n<h2 class=\"wp-block-heading\">Viva Portugal como um local atrav\u00e9s de itiner\u00e1rios aut\u00eanticos e estadias hist\u00f3ricas.<\/h2>\n\n\n\n<p>As Nature Tours convidam-no a descobrir Portugal atrav\u00e9s de uma perspectiva de autenticidade e respeito, transformando cada viagem numa oportunidade de se tornar um verdadeiro embaixador da sua cultura e patrim\u00f3nio natural.<\/p>\n\n\n\n<p>Para al\u00e9m de organizarmos passeios de bicicleta, percursos pedestres ou expedi\u00e7\u00f5es culturais, promovemos encontros genu\u00ednos entre os nossos visitantes e as comunidades locais, construindo pontes que revelam a alma do pa\u00eds em cada conversa, sabor e lugar.<\/p>\n\n\n\n<p>Ao escolher explorar connosco, deixa de ser um mero observador para se tornar um participante privilegiado do patrim\u00f3nio vivo de Portugal e uma voz activa em defesa das tradi\u00e7\u00f5es que definem o encanto distinto e cativante do pa\u00eds.<\/p>\n<\/div><\/div><div class=\"media-col\"><figure><img loading=\"lazy\" decoding=\"async\" width=\"1258\" height=\"1444\" class=\"wp-image-487\" src=\"https:\/\/domitur.kobudev.com\/files\/uploads\/2026\/02\/nature-tours-01.webp\" alt=\"\" title=\"nature-tours-01\" sizes=\"auto, (min-width: 1201px) 35vw, (min-width: 601px) 50vw, 100vw\" srcset=\"https:\/\/domitur.kobudev.com\/files\/uploads\/2026\/02\/nature-tours-01.webp 1258w, https:\/\/domitur.kobudev.com\/files\/uploads\/2026\/02\/nature-tours-01-261x300.webp 261w, https:\/\/domitur.kobudev.com\/files\/uploads\/2026\/02\/nature-tours-01-892x1024.webp 892w, https:\/\/domitur.kobudev.com\/files\/uploads\/2026\/02\/nature-tours-01-768x882.webp 768w\" \/><\/figure><\/div><\/div>\n\n<div class=\"wp-block-kobu-custom-blocks-responsive-spacer responsive-spacer size-custom\" style=\"height: 30px;\" data-small=\"30\" data-medium=\"30\" data-large=\"30\"><\/div>\n\n<div class=\"wp-block-kobu-custom-blocks-inner-content-img alignfull media-content-group child-item align-left valign-start img-last\"><div class=\"content-col\"><div class=\"content-col-wrapper\">\n<div class=\"wp-block-kobu-custom-blocks-responsive-spacer responsive-spacer size-large hide-xs\"><\/div>\n\n\n\n<p>Com sete regi\u00f5es distintas, Portugal oferece uma diversidade not\u00e1vel de experi\u00eancias, convidando \u00e0 explora\u00e7\u00e3o a cada passo, com muito mais para descobrir do que seria poss\u00edvel numa \u00fanica viagem. De facto, existem in\u00fameras raz\u00f5es pelas quais Portugal merece figurar na lista de viagens essenciais de uma vida.<\/p>\n\n\n\n<p>A sua rica hist\u00f3ria e legado cultural s\u00e3o acompanhados por uma tradi\u00e7\u00e3o gastron\u00f3mica excepcional e vinhos de classe mundial. Al\u00e9m disso, Portugal encanta com as suas praias atl\u00e2nticas, lagoas, parques naturais e percursos panor\u00e2micos, bem como com a sua reconhecida cultura de surf, conceituados festivais de m\u00fasica, festas tradicionais e patrim\u00f3nio artesanal. Os seus prestigiados campos de golfe e a paisagem em constante mudan\u00e7a transitam com harmonia da costa ao interior. Acima de tudo, s\u00e3o os portugueses, sempre calorosos, genu\u00ednos e acolhedores, que deixam a impress\u00e3o mais duradoura.<\/p>\n\n\n\n<p>Este apelo duradouro foi formalmente reconhecido pelos World Travel Awards, que recentemente elegeram Portugal como o Melhor Destino do Mundo, reafirmando um sentimento h\u00e1 muito partilhado pelas principais autoridades em turismo. Guias de prest\u00edgio, conceituados jornalistas de viagens e vozes influentes de toda a comunidade tur\u00edstica global continuam a celebrar Portugal como um destino de raro encanto e distin\u00e7\u00e3o.<\/p>\n<\/div><\/div><div class=\"media-col\"><figure><img loading=\"lazy\" decoding=\"async\" width=\"1476\" height=\"1106\" class=\"wp-image-488\" src=\"https:\/\/domitur.kobudev.com\/files\/uploads\/2026\/02\/nature-tours-02.webp\" alt=\"\" title=\"nature-tours-02\" sizes=\"auto, (min-width: 601px) 50vw, 100vw\" srcset=\"https:\/\/domitur.kobudev.com\/files\/uploads\/2026\/02\/nature-tours-02.webp 1476w, https:\/\/domitur.kobudev.com\/files\/uploads\/2026\/02\/nature-tours-02-300x225.webp 300w, https:\/\/domitur.kobudev.com\/files\/uploads\/2026\/02\/nature-tours-02-1024x767.webp 1024w, https:\/\/domitur.kobudev.com\/files\/uploads\/2026\/02\/nature-tours-02-768x575.webp 768w\" \/><\/figure><\/div><\/div>\n\n<div class=\"wp-block-kobu-custom-blocks-responsive-spacer responsive-spacer size-custom\" style=\"height: 30px;\" data-small=\"30\" data-medium=\"30\" data-large=\"30\"><\/div>\n\n<div class=\"wp-block-kobu-custom-blocks-inner-content-img alignwide media-content-group child-item align-right valign-center img-last alignwide-1 animated-image\"><div class=\"content-col\"><div class=\"content-col-wrapper\">\n<p>A nossa miss\u00e3o \u00e9 proporcionar uma imers\u00e3o completa na alma de Portugal, onde conforto e aventura coexistem em perfeita harmonia.<\/p>\n\n\n\n<p>Para tornar esta vis\u00e3o realidade, seleccion\u00e1mos uma cole\u00e7\u00e3o distinta de hot\u00e9is e alojamentos excepcionais, integrados de forma harmoniosa nos seus ambientes naturais e desenvolvidos com profundo respeito pelo meio ambiente, cada um reflectindo o car\u00e1cter e a identidade \u00fanicos da sua regi\u00e3o.<\/p>\n\n\n\n<p>Cada estadia \u00e9 complementada por um portef\u00f3lio de experi\u00eancias exclusivas e ofertas de bem-estar, concebidas para restaurar corpo e mente, desde explora\u00e7\u00f5es guiadas por paisagens intocadas at\u00e9 momentos de tranquila renova\u00e7\u00e3o.<\/p>\n<\/div><\/div><div class=\"media-col\"><figure><img loading=\"lazy\" decoding=\"async\" width=\"1258\" height=\"1444\" class=\"wp-image-487\" src=\"https:\/\/domitur.kobudev.com\/files\/uploads\/2026\/02\/nature-tours-01.webp\" alt=\"\" title=\"nature-tours-01\" sizes=\"auto, (min-width: 1201px) 35vw, (min-width: 601px) 50vw, 100vw\" srcset=\"https:\/\/domitur.kobudev.com\/files\/uploads\/2026\/02\/nature-tours-01.webp 1258w, https:\/\/domitur.kobudev.com\/files\/uploads\/2026\/02\/nature-tours-01-261x300.webp 261w, https:\/\/domitur.kobudev.com\/files\/uploads\/2026\/02\/nature-tours-01-892x1024.webp 892w, https:\/\/domitur.kobudev.com\/files\/uploads\/2026\/02\/nature-tours-01-768x882.webp 768w\" \/><\/figure><\/div><\/div>\n\n<div class=\"wp-block-kobu-custom-blocks-responsive-spacer responsive-spacer size-large\"><\/div>\n\n<div class=\"wp-block-kobu-custom-blocks-section-wrapper alignfull kobu-section has-background has-lightgray-background-color\">\n<div class=\"wp-block-kobu-custom-blocks-responsive-spacer responsive-spacer size-custom\" style=\"height: 200px;\" data-small=\"100\" data-medium=\"200\" data-large=\"200\"><\/div>\n\n\n\n<h2 class=\"wp-block-heading alignwide has-text-align-center\">Tipos of Experi\u00eancias<\/h2>\n\n\n\n<div class=\"wp-block-kobu-custom-blocks-responsive-spacer responsive-spacer size-medium\"><\/div>\n\n\n<div class=\"container-wrapper alignfull types-of-experiences-block\">\n\t\t\t<div class=\"container xlarge container-nav-wrapper\">\n\t\t\t<nav class=\"nav-wrapper\">\n\t\t\t\t<button class=\"arrow prev\"><svg version=\"1.1\" xmlns=\"http:\/\/www.w3.org\/2000\/svg\" xmlns:xlink=\"http:\/\/www.w3.org\/1999\/xlink\" x=\"0px\" y=\"0px\" viewBox=\"0 0 16.2 11.4\" style=\"enable-background:new 0 0 16.2 11.4;\" xml:space=\"preserve\"><polyline fill=\"none\" stroke=\"#000000\" stroke-linecap=\"square\" points=\"10.5,0.7 15.5,5.7 10.5,10.7 \"\/><line fill=\"none\" stroke=\"#000000\" stroke-linecap=\"square\" x1=\"15\" y1=\"5.7\" x2=\"0.5\" y2=\"5.7\"\/><\/svg><\/button>\n\t\t\t\t<div class=\"nav-container\">\n\t\t\t\t\t<div class=\"nav\">\n\t\t\t\t\t\t<button class=\"nav-item active\" data-slide=\"0\">Percursos Pedestres<\/button><button class=\"nav-item \" data-slide=\"1\">Bicicleta<\/button><button class=\"nav-item \" data-slide=\"2\">Cultura<\/button><button class=\"nav-item \" data-slide=\"3\">Actividades Aqu\u00e1ticas<\/button><button class=\"nav-item \" data-slide=\"4\">Gastronomia<\/button><button class=\"nav-item \" data-slide=\"5\">Workshops e Artesanato<\/button>\t\t\t\t\t<\/div>\n\t\t\t\t<\/div>\n\t\t\t\t<button class=\"arrow next\"><svg version=\"1.1\" xmlns=\"http:\/\/www.w3.org\/2000\/svg\" xmlns:xlink=\"http:\/\/www.w3.org\/1999\/xlink\" x=\"0px\" y=\"0px\" viewBox=\"0 0 16.2 11.4\" style=\"enable-background:new 0 0 16.2 11.4;\" xml:space=\"preserve\"><polyline fill=\"none\" stroke=\"#000000\" stroke-linecap=\"square\" points=\"10.5,0.7 15.5,5.7 10.5,10.7 \"\/><line fill=\"none\" stroke=\"#000000\" stroke-linecap=\"square\" x1=\"15\" y1=\"5.7\" x2=\"0.5\" y2=\"5.7\"\/><\/svg><\/button>\n\t\t\t<\/nav>\n\t\t<\/div>\n\n\t\t<div class=\"container xlarge\">\n\t\t\t<div class=\"slider\">\n\t\t\t\t<div class=\"slides\">\n\t\t\t\t\t<div class=\"slide active\" data-slide=\"0\"><div><h3>Percursos Pedestres<\/h3><p>Explorar Portugal a p\u00e9 \u00e9 a forma mais pura de se conectar com a sua ess\u00eancia.<\/p>\n<p>Os nossos guias das Nature Tours apresentam uma sele\u00e7\u00e3o detalhadamente planeada de percursos pedestres por todo o pa\u00eds, concebidos para o levar muito para al\u00e9m dos caminhos convencionais. Das dram\u00e1ticas fal\u00e9sias da Costa Vicentina \u00e0s sagradas montanhas do Ger\u00eas, passando pelos socalcos de vinhedos do Douro e pelos hist\u00f3ricos trilhos de Sintra, cada passo revela paisagens intocadas e camadas de hist\u00f3ria viva.<\/p>\n<p>Cada viagem \u00e9 completada com uma escolha cuidada de alojamentos hist\u00f3ricos e repletos de car\u00e1cter em cada regi\u00e3o, complementados por experi\u00eancias de bem-estar discretas, que criam um equil\u00edbrio refinado entre a explora\u00e7\u00e3o revitalizante e o repouso restaurador.<\/p>\n<p>Calce as suas botas e descubra Portugal na sua express\u00e3o mais aut\u00eantica, moldado por encontros significativos com as comunidades locais e por uma liga\u00e7\u00e3o \u00edntima \u00e0 beleza natural intemporal do pa\u00eds.<\/p>\n<\/div><div><img decoding=\"async\" src=\"https:\/\/domitur.kobudev.com\/files\/uploads\/2026\/02\/sustainability-and-responsibility-01.webp\" alt=\"Percursos Pedestres\" \/><\/div><\/div><div class=\"slide \" data-slide=\"1\"><div><h3>Bicicleta<\/h3><p>Descobrir Portugal sobre duas rodas \u00e9 abra\u00e7ar a liberdade sem limites.<\/p>\n<p>Os itiner\u00e1rios das nossas Nature Tours incluem percursos de ciclismo que atravessam a not\u00e1vel diversidade do pa\u00eds, desde as suaves colinas do Alentejo e as agrestes montanhas do Norte at\u00e9 aos caminhos panor\u00e2micos ao longo da costa atl\u00e2ntica.<\/p>\n<p>Para elevar a experi\u00eancia, cada tour \u00e9 complementado com alojamentos hist\u00f3ricos cuidadosamente selecionados e ofertas de bem-estar criteriosamente planeadas, permitindo um repouso completo ap\u00f3s um longo dia de explora\u00e7\u00e3o.<\/p>\n<\/div><div><img decoding=\"async\" src=\"https:\/\/domitur.kobudev.com\/files\/uploads\/2026\/02\/sustainability-and-responsibility-02.webp\" alt=\"Bicicleta\" \/><\/div><\/div><div class=\"slide \" data-slide=\"2\"><div><h3>Cultura<\/h3><p>Os nossos programas culturais s\u00e3o concebidos para quem deseja experienciar o pulsar aut\u00eantico de Portugal, muito para al\u00e9m dos monumentos mais conhecidos.<\/p>\n<p>Na Nature Tours, criamos encontros significativos com as comunidades locais, desde os artes\u00e3os que preservam tradi\u00e7\u00f5es ancestrais no interior do pa\u00eds at\u00e9 \u00e0s pr\u00e1ticas mar\u00edtimas que moldaram a costa ao longo de s\u00e9culos.<\/p>\n<p>Cada itiner\u00e1rio \u00e9 uma viagem no tempo, onde a hist\u00f3ria viva se saboreia juntamente com a gastronomia regional e vinhos de prest\u00edgio. Ao hospedar-se num dos nossos hot\u00e9is hist\u00f3ricos selecionados, os visitantes podem experienciar o legado do passado com conforto moderno, complementado por experi\u00eancias de bem-estar que oferecem momentos de pausa e reflex\u00e3o sobre as descobertas do dia.<\/p>\n<\/div><div><img decoding=\"async\" src=\"https:\/\/domitur.kobudev.com\/files\/uploads\/2026\/02\/blog-02.webp\" alt=\"Cultura\" \/><\/div><\/div><div class=\"slide \" data-slide=\"3\"><div><h3>Actividades Aqu\u00e1ticas<\/h3><p>A identidade de Portugal \u00e9 insepar\u00e1vel da sua ilustre hist\u00f3ria mar\u00edtima, e n\u00e3o h\u00e1 forma mais sublime de a experienciar do que atrav\u00e9s das suas vias naveg\u00e1veis.<\/p>\n<p>As nossas Nature Tours convidam-no a explorar a rica biodiversidade do pa\u00eds, seja deslizando ao longo da costa atl\u00e2ntica num passeio de barco panor\u00e2mico ou navegando pelas \u00e1guas cristalinas do Algarve de caiaque ou paddleboard. Enseadas escondidas, praias secretas e grutas esculpidas pelo mar revelam-se a cada curva, oferecendo momentos de descoberta que parecem inteiramente seus.<\/p>\n<p>Para complementar estas aventuras, seleccion\u00e1mos alojamentos excepcionais e experi\u00eancias de bem-estar cuidadosamente planeadas, permitindo que a serenidade da \u00e1gua perdure e criando uma liga\u00e7\u00e3o \u00edntima com o patrim\u00f3nio costeiro intemporal de Portugal.<\/p>\n<\/div><div><img decoding=\"async\" src=\"https:\/\/domitur.kobudev.com\/files\/uploads\/2026\/02\/cultural.webp\" alt=\"Actividades Aqu\u00e1ticas\" \/><\/div><\/div><div class=\"slide \" data-slide=\"4\"><div><h3>Gastronomia<\/h3><p>Sentar-se \u00e0 mesa em Portugal \u00e9 saborear uma hist\u00f3ria moldada tanto pela terra como pelo mar. Os nossos roteiros conduzem-no a encontros com produtores locais e \u00e0 descoberta de tradi\u00e7\u00f5es centen\u00e1rias, onde cada sabor revela a ess\u00eancia da sua regi\u00e3o.<\/p>\n<p>Complementadas por alojamentos cuidadosamente selecionados com ofertas de bem-estar integradas, estas experi\u00eancias permitem-lhe envolver-se profundamente com o patrim\u00f3nio gastron\u00f3mico de Portugal e levar consigo as suas hist\u00f3rias intemporais muito tempo depois de a viagem terminar.<\/p>\n<\/div><div><img decoding=\"async\" src=\"https:\/\/domitur.kobudev.com\/files\/uploads\/2026\/02\/wine-tours-02.webp\" alt=\"Gastronomia\" \/><\/div><\/div><div class=\"slide \" data-slide=\"5\"><div><h3>Workshops e Artesanato<\/h3><p>Portugal revela o seu car\u00e1cter mais profundo atrav\u00e9s dos artes\u00e3os que mant\u00eam vivas tradi\u00e7\u00f5es centen\u00e1rias.<\/p>\n<p>Com os nossos roteiros, entra no seu mundo, aprendendo a arte da olaria e da tecelagem tradicional no interior, descobrindo os segredos da corti\u00e7a no Algarve e saboreando a gastronomia regional aut\u00eantica, permitindo-lhe experienciar o patrim\u00f3nio vivo que confere a Portugal o seu encanto intemporal.<\/p>\n<\/div><div><img decoding=\"async\" src=\"https:\/\/domitur.kobudev.com\/files\/uploads\/2026\/01\/luxury-travel-04.webp\" alt=\"Workshops e Artesanato\" \/><\/div><\/div>\t\t\t\t<\/div>\n\t\t\t<\/div>\n\t\t<\/div>\n\t<\/div>\n\n\n<div class=\"wp-block-kobu-custom-blocks-responsive-spacer responsive-spacer size-custom\" style=\"height: 200px;\" data-small=\"100\" data-medium=\"200\" data-large=\"200\"><\/div>\n<\/div>\n\n<div class=\"wp-block-kobu-custom-blocks-section-wrapper alignfull kobu-section\">\n<div class=\"wp-block-kobu-custom-blocks-responsive-spacer responsive-spacer size-large\"><\/div>\n\n\n\n<h2 class=\"wp-block-heading alignwide has-text-align-center has-huge-font-size\">Related articles<\/h2>\n\n\n\n<div class=\"wp-block-kobu-custom-blocks-responsive-spacer responsive-spacer size-medium\"><\/div>\n\n\n<div class=\"container-wrapper alignfull posts-slider-block slider-article\">\n\t<div class=\"container xlarge\">\n\t\t\t\t\t\t<div class=\"slider-gallery multiple\">\n\t\t\t\t\t<ul class=\"gallery\" role=\"list\" data-slide=\"0\" tabindex=\"0\">\n\t\t\t\t\t\t\n<li class=\"article article-card slide \" role=\"listitem\">\n\t<a href=\"https:\/\/domitur.kobudev.com\/pt-pt\/como-planear-viagem-sustentavel-eficaz\/\">\n\t\t\t\t\t<div class=\"fixed-ratio-img\">\n\t\t\t\t<img loading=\"lazy\" decoding=\"async\" width=\"640\" height=\"360\" src=\"https:\/\/domitur.kobudev.com\/files\/uploads\/2024\/10\/17-768x432.jpg\" class=\"coverimg\" alt=\"\" sizes=\"auto, (min-width: 993px) 33vw, (min-width: 601px) 50vw, 100vw\" srcset=\"https:\/\/domitur.kobudev.com\/files\/uploads\/2024\/10\/17-768x432.jpg 768w, https:\/\/domitur.kobudev.com\/files\/uploads\/2024\/10\/17-300x169.jpg 300w, https:\/\/domitur.kobudev.com\/files\/uploads\/2024\/10\/17-1024x576.jpg 1024w, https:\/\/domitur.kobudev.com\/files\/uploads\/2024\/10\/17.jpg 1280w\" \/>\t\t\t<\/div>\n\t\t\t\t<div class=\"content-wrapper\">\n\t\t\t<div class=\"post-date-and-categories\">\n\t\t\t\t<div class=\"post-date\">7 november 2024<\/div>\n\t\t\t\t<div class=\"categories\"><span>Nature Tours<\/span><\/div>\t\t\t<\/div>\n\t\t\t<h3 class=\"post-title\">Como Planear uma Viagem Sustent\u00e1vel de Forma Eficaz<\/h3>\n\t\t\t<div class=\"read-more btn ghost-primary small\">ler artigo<\/div>\n\t\t<\/div>\n\t<\/a>\n<\/li>\n<li class=\"article article-card slide \" role=\"listitem\">\n\t<a href=\"https:\/\/domitur.kobudev.com\/pt-pt\/grutas-benagil-atividades-verao-sup-caiaque-passeio-barco\/\">\n\t\t\t\t\t<div class=\"fixed-ratio-img\">\n\t\t\t\t<img loading=\"lazy\" decoding=\"async\" width=\"640\" height=\"428\" src=\"https:\/\/domitur.kobudev.com\/files\/uploads\/2024\/07\/benagil-benagil-cave-stand-up-paddleboard-tour-at-sunrise-3426546-768x513.webp\" class=\"coverimg\" alt=\"\" sizes=\"auto, (min-width: 993px) 33vw, (min-width: 601px) 50vw, 100vw\" srcset=\"https:\/\/domitur.kobudev.com\/files\/uploads\/2024\/07\/benagil-benagil-cave-stand-up-paddleboard-tour-at-sunrise-3426546-768x513.webp 768w, https:\/\/domitur.kobudev.com\/files\/uploads\/2024\/07\/benagil-benagil-cave-stand-up-paddleboard-tour-at-sunrise-3426546-300x200.webp 300w, https:\/\/domitur.kobudev.com\/files\/uploads\/2024\/07\/benagil-benagil-cave-stand-up-paddleboard-tour-at-sunrise-3426546-1024x683.webp 1024w, https:\/\/domitur.kobudev.com\/files\/uploads\/2024\/07\/benagil-benagil-cave-stand-up-paddleboard-tour-at-sunrise-3426546.webp 1500w\" \/>\t\t\t<\/div>\n\t\t\t\t<div class=\"content-wrapper\">\n\t\t\t<div class=\"post-date-and-categories\">\n\t\t\t\t<div class=\"post-date\">15 july 2024<\/div>\n\t\t\t\t<div class=\"categories\"><span>Nature Tours<\/span><\/div>\t\t\t<\/div>\n\t\t\t<h3 class=\"post-title\">Grutas de Benagil \u2013 Atividades de Ver\u00e3o \u2013 SUP \/ caiaque \/ passeio de barco<\/h3>\n\t\t\t<div class=\"read-more btn ghost-primary small\">ler artigo<\/div>\n\t\t<\/div>\n\t<\/a>\n<\/li>\n<li class=\"article article-card slide \" role=\"listitem\">\n\t<a href=\"https:\/\/domitur.kobudev.com\/pt-pt\/mergulhe-na-arte-e-na-vida-marinha-o-edp-art-reef-em-albufeira\/\">\n\t\t\t\t\t<div class=\"fixed-ratio-img\">\n\t\t\t\t<img loading=\"lazy\" decoding=\"async\" width=\"640\" height=\"426\" src=\"https:\/\/domitur.kobudev.com\/files\/uploads\/2024\/07\/vhils-exposicao-foto-nuno-sa-1200x798-1-768x511.jpg\" class=\"coverimg\" alt=\"\" sizes=\"auto, (min-width: 993px) 33vw, (min-width: 601px) 50vw, 100vw\" srcset=\"https:\/\/domitur.kobudev.com\/files\/uploads\/2024\/07\/vhils-exposicao-foto-nuno-sa-1200x798-1-768x511.jpg 768w, https:\/\/domitur.kobudev.com\/files\/uploads\/2024\/07\/vhils-exposicao-foto-nuno-sa-1200x798-1-300x200.jpg 300w, https:\/\/domitur.kobudev.com\/files\/uploads\/2024\/07\/vhils-exposicao-foto-nuno-sa-1200x798-1-1024x681.jpg 1024w, https:\/\/domitur.kobudev.com\/files\/uploads\/2024\/07\/vhils-exposicao-foto-nuno-sa-1200x798-1.jpg 1200w\" \/>\t\t\t<\/div>\n\t\t\t\t<div class=\"content-wrapper\">\n\t\t\t<div class=\"post-date-and-categories\">\n\t\t\t\t<div class=\"post-date\">12 july 2024<\/div>\n\t\t\t\t<div class=\"categories\"><span>Nature Tours<\/span><\/div>\t\t\t<\/div>\n\t\t\t<h3 class=\"post-title\">Mergulhe na Arte e na Vida Marinha: o EDP Art Reef em Albufeira<\/h3>\n\t\t\t<div class=\"read-more btn ghost-primary small\">ler artigo<\/div>\n\t\t<\/div>\n\t<\/a>\n<\/li>\t\t\t\t\t<\/ul>\n\t\t\t\t<\/div>\n\t\t\t\t<\/div>\n<\/div>\n\n\n<div class=\"wp-block-kobu-custom-blocks-responsive-spacer responsive-spacer size-large\"><\/div>\n<\/div>\n","protected":false},"excerpt":{"rendered":"","protected":false},"author":2,"featured_media":255,"parent":247,"menu_order":1003,"comment_status":"closed","ping_status":"closed","template":"","meta":{"_acf_changed":false,"inline_featured_image":false,"footnotes":""},"class_list":["post-257","page","type-page","status-publish","has-post-thumbnail","hentry"],"acf":[],"_links":{"self":[{"href":"https:\/\/domitur.kobudev.com\/pt-pt\/wp-json\/wp\/v2\/pages\/257","targetHints":{"allow":["GET"]}}],"collection":[{"href":"https:\/\/domitur.kobudev.com\/pt-pt\/wp-json\/wp\/v2\/pages"}],"about":[{"href":"https:\/\/domitur.kobudev.com\/pt-pt\/wp-json\/wp\/v2\/types\/page"}],"author":[{"embeddable":true,"href":"https:\/\/domitur.kobudev.com\/pt-pt\/wp-json\/wp\/v2\/users\/2"}],"replies":[{"embeddable":true,"href":"https:\/\/domitur.kobudev.com\/pt-pt\/wp-json\/wp\/v2\/comments?post=257"}],"version-history":[{"count":2,"href":"https:\/\/domitur.kobudev.com\/pt-pt\/wp-json\/wp\/v2\/pages\/257\/revisions"}],"predecessor-version":[{"id":34855,"href":"https:\/\/domitur.kobudev.com\/pt-pt\/wp-json\/wp\/v2\/pages\/257\/revisions\/34855"}],"up":[{"embeddable":true,"href":"https:\/\/domitur.kobudev.com\/pt-pt\/wp-json\/wp\/v2\/pages\/247"}],"wp:featuredmedia":[{"embeddable":true,"href":"https:\/\/domitur.kobudev.com\/pt-pt\/wp-json\/wp\/v2\/media\/255"}],"wp:attachment":[{"href":"https:\/\/domitur.kobudev.com\/pt-pt\/wp-json\/wp\/v2\/media?parent=257"}],"curies":[{"name":"wp","href":"https:\/\/api.w.org\/{rel}","templated":true}]}}