{"id":256,"date":"2026-01-26T12:27:39","date_gmt":"2026-01-26T12:27:39","guid":{"rendered":"https:\/\/domitur.kobudev.com\/journeys-pt\/golf\/"},"modified":"2026-03-06T11:11:17","modified_gmt":"2026-03-06T11:11:17","slug":"golfe","status":"publish","type":"page","link":"https:\/\/domitur.kobudev.com\/pt-pt\/experiencias\/golfe\/","title":{"rendered":"Golfe"},"content":{"rendered":"\n<div class=\"wp-block-kobu-custom-blocks-responsive-spacer responsive-spacer size-large\"><\/div><br>\n\n<div class=\"wp-block-kobu-custom-blocks-inner-content-img alignwide media-content-group child-item align-right valign-center img-last alignwide-1 animated-image\"><div class=\"content-col\"><div class=\"content-col-wrapper\">\n<h2 class=\"wp-block-heading\">Mergulhe nas experi\u00eancias de golfe de luxo em Portugal<\/h2>\n\n\n\n<p>Inserido em algumas das paisagens mais deslumbrantes da Europa, jogar golfe em Portugal \u00e9 uma experi\u00eancia \u00edmpar. Os nossos especialistas em golfe seleccionam campos por todo o pa\u00eds que equilibram desafio t\u00e9cnico com um profundo respeito pela biodiversidade local.<\/p>\n\n\n\n<p>Das dram\u00e1ticas fal\u00e9sias do Algarve aos verdes fairways do Norte e do Centro, cada campo \u00e9 um convite a saborear a serenidade, a eleg\u00e2ncia e a beleza natural que definem Portugal. Para complementar a sua experi\u00eancia, combinamos o golfe com estadias em alojamentos hist\u00f3ricos e experi\u00eancias de bem-estar cuidadosamente planeadas, concebidas para descanso e renova\u00e7\u00e3o.<\/p>\n\n\n\n<p>Cada elemento \u00e9 escolhido para se harmonizar com o esp\u00edrito da terra, permitindo-lhe transitar de forma fluida da emo\u00e7\u00e3o do campo de golfe para momentos de prazer sereno. Seja qual for a sua escolha, est\u00e1 pronto para viver um estilo de vida definido pela eleg\u00e2ncia, pelo patrim\u00f3nio e pela beleza intemporal.<\/p>\n<\/div><\/div><div class=\"media-col\"><figure><img loading=\"lazy\" decoding=\"async\" width=\"629\" height=\"722\" class=\"wp-image-482\" src=\"https:\/\/domitur.kobudev.com\/files\/uploads\/2026\/02\/golf-02.webp\" alt=\"\" title=\"golf-02\" sizes=\"auto, (min-width: 1201px) 35vw, (min-width: 601px) 50vw, 100vw\" srcset=\"https:\/\/domitur.kobudev.com\/files\/uploads\/2026\/02\/golf-02.webp 629w, https:\/\/domitur.kobudev.com\/files\/uploads\/2026\/02\/golf-02-261x300.webp 261w\" \/><\/figure><\/div><\/div>\n\n<div class=\"wp-block-kobu-custom-blocks-responsive-spacer responsive-spacer size-custom\" data-small=\"30\" data-medium=\"30\" data-large=\"30\" style=\"height:30px\"><\/div><br>\n\n<div class=\"wp-block-kobu-custom-blocks-inner-content-img alignfull media-content-group child-item align-left valign-start img-last\"><div class=\"content-col\"><div class=\"content-col-wrapper\">\n<div class=\"wp-block-kobu-custom-blocks-responsive-spacer responsive-spacer size-large hide-xs\"><\/div><br>\n\n\n\n<p>Portugal possui alguns dos campos de golfe mais prestigiados do mundo, onde um design magistral se encontra com cen\u00e1rios naturais deslumbrantes.<\/p>\n\n\n\n<p>No Algarve, o Els Pins Resort &amp; Spa distingue-se pela exclusividade incompar\u00e1vel e pelo servi\u00e7o irrepreens\u00edvel, enquanto o ic\u00f3nico Old Course em Vilamoura preserva a tradi\u00e7\u00e3o por entre majestosos pinheiros-bravos.<\/p>\n\n\n\n<p>Mais a norte, a beleza selvagem do West Cliffs, na Costa de Prata, oferece vistas atl\u00e2nticas fant\u00e1sticas, enquanto o Oitavos Dunes, em Cascais, \u00e9 reconhecido em toda a Europa pela perfeita harmonia com as dunas e o oceano. Para al\u00e9m dos campos de jogo, estes percursos s\u00e3o destinos em si mesmos, onde cada tacada se desenrola em paisagens preservadas com cuidado e rever\u00eancia.<\/p>\n<\/div><\/div><div class=\"media-col\"><figure><img loading=\"lazy\" decoding=\"async\" width=\"1476\" height=\"1106\" class=\"wp-image-483\" src=\"https:\/\/domitur.kobudev.com\/files\/uploads\/2026\/02\/golf-03.webp\" alt=\"\" title=\"golf-03\" sizes=\"auto, (min-width: 601px) 50vw, 100vw\" srcset=\"https:\/\/domitur.kobudev.com\/files\/uploads\/2026\/02\/golf-03.webp 1476w, https:\/\/domitur.kobudev.com\/files\/uploads\/2026\/02\/golf-03-300x225.webp 300w, https:\/\/domitur.kobudev.com\/files\/uploads\/2026\/02\/golf-03-1024x767.webp 1024w, https:\/\/domitur.kobudev.com\/files\/uploads\/2026\/02\/golf-03-768x575.webp 768w\" \/><\/figure><\/div><\/div>\n\n<div class=\"wp-block-kobu-custom-blocks-responsive-spacer responsive-spacer size-large\"><\/div><br>\n\n<h2 class=\"wp-block-heading alignwide has-text-align-center hidden-title\">Testimonials<\/h2>\n<div class=\"container-wrapper alignfull testimonials-slider-block\">\n\t<div class=\"container xlarge\">\n\t\t<div class=\"slider-gallery multiple\"><ul class=\"gallery\" role=\"list\" data-slide=\"0\" tabindex=\"0\"><li class=\"slide\" role=\"listitem\">\t\t\t\t\t\t\t<div class=\"testimonials-card\">\n\t\t\t\t\t\t\t\t<h3>\u201cLorem ipsum dolor sit amet, consectetur adipiscing elit. Nunc tincidunt.\u201d<\/h3>\n\t\t\t\t\t\t\t\t<h4>Taylor Morgan, Travel Agent<\/h4>\n\t\t\t\t\t\t\t<\/div>\n\t\t\t\t\t\t<\/li>\n\t\t\t<li class=\"slide\" role=\"listitem\">\t\t\t\t\t\t\t<div class=\"testimonials-card\">\n\t\t\t\t\t\t\t\t<h3>\u201cNam eu felis a lectus sagittis cursus non ut odio. Proin ultricies massa at maximus molestie.\u201d<\/h3>\n\t\t\t\t\t\t\t\t<h4>Jordan Reyes, Travel Agent<\/h4>\n\t\t\t\t\t\t\t<\/div>\n\t\t\t\t\t\t<\/li>\n\t\t\t<li class=\"slide\" role=\"listitem\">\t\t\t\t\t\t\t<div class=\"testimonials-card\">\n\t\t\t\t\t\t\t\t<h3>\u201cSed aliquam sed nisi sed sagittis. Duis ut tempus massa. Ut nec urna nec erat.\u201d<\/h3>\n\t\t\t\t\t\t\t\t<h4>Alex Carter, Travel Agent<\/h4>\n\t\t\t\t\t\t\t<\/div>\n\t\t\t\t\t\t<\/li>\n\t\t\t<li class=\"slide\" role=\"listitem\">\t\t\t\t\t\t\t<div class=\"testimonials-card\">\n\t\t\t\t\t\t\t\t<h3>\u201cMauris nec lorem est. Praesent faucibus venenatis nulla, quis consectetur leo malesuada nec.\u201d<\/h3>\n\t\t\t\t\t\t\t\t<h4>John Smith, Travel Agent<\/h4>\n\t\t\t\t\t\t\t<\/div>\n\t\t\t\t\t\t<\/li>\n\t\t\t<\/ul><\/div>\t<\/div>\n<\/div>\n<div class=\"wp-block-kobu-custom-blocks-responsive-spacer responsive-spacer size-large\"><\/div><br>\n\n<h2 class=\"wp-block-heading alignwide has-text-align-center\">Highlights<\/h2>\n\n<div class=\"wp-block-kobu-custom-blocks-responsive-spacer responsive-spacer size-medium\"><\/div><br>\n\n<div class=\"wp-block-kobu-custom-blocks-slider-gallery\"><div class=\"slider-gallery gallery-container hidden  multiple\"><div class=\"gallery \" role=\"list\"><div class=\"slide\" role=\"listitem\"><div class=\"figure-wrapper\"><figure><img loading=\"lazy\" decoding=\"async\" width=\"1476\" height=\"1108\" class=\"wp-image-484\" src=\"https:\/\/domitur.kobudev.com\/files\/uploads\/2026\/02\/golf-04.webp\" alt=\"\" sizes=\"auto, (min-width: 601px) 80vw, 100vw\" srcset=\"https:\/\/domitur.kobudev.com\/files\/uploads\/2026\/02\/golf-04.webp 1476w, https:\/\/domitur.kobudev.com\/files\/uploads\/2026\/02\/golf-04-300x225.webp 300w, https:\/\/domitur.kobudev.com\/files\/uploads\/2026\/02\/golf-04-1024x769.webp 1024w, https:\/\/domitur.kobudev.com\/files\/uploads\/2026\/02\/golf-04-768x577.webp 768w\" \/><\/figure><\/div><\/div><div class=\"slide\" role=\"listitem\"><div class=\"figure-wrapper\"><figure><img loading=\"lazy\" decoding=\"async\" width=\"1476\" height=\"1108\" class=\"wp-image-485\" src=\"https:\/\/domitur.kobudev.com\/files\/uploads\/2026\/02\/golf-05.webp\" alt=\"\" sizes=\"auto, (min-width: 601px) 80vw, 100vw\" srcset=\"https:\/\/domitur.kobudev.com\/files\/uploads\/2026\/02\/golf-05.webp 1476w, https:\/\/domitur.kobudev.com\/files\/uploads\/2026\/02\/golf-05-300x225.webp 300w, https:\/\/domitur.kobudev.com\/files\/uploads\/2026\/02\/golf-05-1024x769.webp 1024w, https:\/\/domitur.kobudev.com\/files\/uploads\/2026\/02\/golf-05-768x577.webp 768w\" \/><\/figure><\/div><\/div><div class=\"slide\" role=\"listitem\"><div class=\"figure-wrapper\"><figure><img loading=\"lazy\" decoding=\"async\" width=\"1476\" height=\"1106\" class=\"wp-image-483\" src=\"https:\/\/domitur.kobudev.com\/files\/uploads\/2026\/02\/golf-03.webp\" alt=\"\" sizes=\"auto, (min-width: 601px) 80vw, 100vw\" srcset=\"https:\/\/domitur.kobudev.com\/files\/uploads\/2026\/02\/golf-03.webp 1476w, https:\/\/domitur.kobudev.com\/files\/uploads\/2026\/02\/golf-03-300x225.webp 300w, https:\/\/domitur.kobudev.com\/files\/uploads\/2026\/02\/golf-03-1024x767.webp 1024w, https:\/\/domitur.kobudev.com\/files\/uploads\/2026\/02\/golf-03-768x575.webp 768w\" \/><\/figure><\/div><\/div><\/div><\/div><\/div><br>\n\n<div class=\"wp-block-kobu-custom-blocks-section-wrapper alignfull kobu-section\">\n<div class=\"wp-block-kobu-custom-blocks-responsive-spacer responsive-spacer size-large\"><\/div><br>\n\n\n\n<h2 class=\"wp-block-heading alignwide has-text-align-center has-huge-font-size\">Related articles<\/h2>\n\n\n\n<div class=\"wp-block-kobu-custom-blocks-responsive-spacer responsive-spacer size-medium\"><\/div><br>\n\n\n<div class=\"container-wrapper alignfull posts-slider-block slider-article\">\n\t<div class=\"container xlarge\">\n\t\t\t<\/div>\n<\/div>\n\n\n<div class=\"wp-block-kobu-custom-blocks-responsive-spacer responsive-spacer size-large\"><\/div><br>\n<\/div>\n\n<p><\/p>\n","protected":false},"excerpt":{"rendered":"<p>Testimonials Highlights<\/p>\n","protected":false},"author":2,"featured_media":551,"parent":247,"menu_order":1002,"comment_status":"closed","ping_status":"closed","template":"","meta":{"_acf_changed":false,"inline_featured_image":false,"footnotes":""},"class_list":["post-256","page","type-page","status-publish","has-post-thumbnail","hentry"],"acf":[],"_links":{"self":[{"href":"https:\/\/domitur.kobudev.com\/pt-pt\/wp-json\/wp\/v2\/pages\/256","targetHints":{"allow":["GET"]}}],"collection":[{"href":"https:\/\/domitur.kobudev.com\/pt-pt\/wp-json\/wp\/v2\/pages"}],"about":[{"href":"https:\/\/domitur.kobudev.com\/pt-pt\/wp-json\/wp\/v2\/types\/page"}],"author":[{"embeddable":true,"href":"https:\/\/domitur.kobudev.com\/pt-pt\/wp-json\/wp\/v2\/users\/2"}],"replies":[{"embeddable":true,"href":"https:\/\/domitur.kobudev.com\/pt-pt\/wp-json\/wp\/v2\/comments?post=256"}],"version-history":[{"count":2,"href":"https:\/\/domitur.kobudev.com\/pt-pt\/wp-json\/wp\/v2\/pages\/256\/revisions"}],"predecessor-version":[{"id":34851,"href":"https:\/\/domitur.kobudev.com\/pt-pt\/wp-json\/wp\/v2\/pages\/256\/revisions\/34851"}],"up":[{"embeddable":true,"href":"https:\/\/domitur.kobudev.com\/pt-pt\/wp-json\/wp\/v2\/pages\/247"}],"wp:featuredmedia":[{"embeddable":true,"href":"https:\/\/domitur.kobudev.com\/pt-pt\/wp-json\/wp\/v2\/media\/551"}],"wp:attachment":[{"href":"https:\/\/domitur.kobudev.com\/pt-pt\/wp-json\/wp\/v2\/media?parent=256"}],"curies":[{"name":"wp","href":"https:\/\/api.w.org\/{rel}","templated":true}]}}