{"id":253,"date":"2026-01-26T12:27:37","date_gmt":"2026-01-26T12:27:37","guid":{"rendered":"https:\/\/domitur.kobudev.com\/journeys-pt\/viagens-de-luxo\/"},"modified":"2026-03-06T13:34:38","modified_gmt":"2026-03-06T13:34:38","slug":"viagens-de-luxo","status":"publish","type":"page","link":"https:\/\/domitur.kobudev.com\/pt-pt\/experiencias\/viagens-de-luxo\/","title":{"rendered":"Viagens de Luxo"},"content":{"rendered":"\n<div class=\"wp-block-kobu-custom-blocks-inner-content-img alignwide media-content-group child-item align-right valign-center img-last alignwide-1 animated-image\"><div class=\"content-col\"><div class=\"content-col-wrapper\">\n<h2 class=\"wp-block-heading\">Explore Portugal com experi\u00eancias exclusivas feitas \u00e0 medida.<\/h2>\n\n\n\n<p>Descubra um Portugal al\u00e9m dos percursos habituais, feito inteiramente \u00e0 sua medida.<\/p>\n\n\n\n<p>Com base na nossa experi\u00eancia e no profundo conhecimento de Portugal, selecionamos os alojamentos, os percursos e momentos inesquec\u00edveis feitos \u00e0 sua medida.<\/p>\n<\/div><\/div><div class=\"media-col\"><figure><img loading=\"lazy\" decoding=\"async\" width=\"1258\" height=\"1444\" class=\"wp-image-111\" src=\"https:\/\/domitur.kobudev.com\/files\/uploads\/2026\/01\/luxury-travel-02.webp\" alt=\"\" title=\"luxury-travel-02\" sizes=\"auto, (min-width: 1201px) 35vw, (min-width: 601px) 50vw, 100vw\" srcset=\"https:\/\/domitur.kobudev.com\/files\/uploads\/2026\/01\/luxury-travel-02.webp 1258w, https:\/\/domitur.kobudev.com\/files\/uploads\/2026\/01\/luxury-travel-02-261x300.webp 261w, https:\/\/domitur.kobudev.com\/files\/uploads\/2026\/01\/luxury-travel-02-892x1024.webp 892w, https:\/\/domitur.kobudev.com\/files\/uploads\/2026\/01\/luxury-travel-02-768x882.webp 768w\" \/><\/figure><\/div><\/div>\n\n<div class=\"wp-block-kobu-custom-blocks-responsive-spacer responsive-spacer size-custom\" style=\"height: 30px;\" data-small=\"30\" data-medium=\"30\" data-large=\"30\"><\/div>\n\n<div class=\"wp-block-kobu-custom-blocks-inner-content-img alignfull media-content-group child-item align-left valign-start img-last\"><div class=\"content-col\"><div class=\"content-col-wrapper\">\n<div class=\"wp-block-kobu-custom-blocks-responsive-spacer responsive-spacer size-large hide-xs\"><\/div>\n\n\n\n<p>Quer se trate de uma aventura privada pelas montanhas, de uma viagem gastron\u00f3mica exclusiva ou de uma escapadela serena \u00e0 beira-mar, orquestramos cada detalhe com total discri\u00e7\u00e3o e per\u00edcia.<\/p>\n<\/div><\/div><div class=\"media-col\"><figure><img loading=\"lazy\" decoding=\"async\" width=\"1476\" height=\"1106\" class=\"wp-image-112\" src=\"https:\/\/domitur.kobudev.com\/files\/uploads\/2026\/01\/luxury-travel-03.webp\" alt=\"\" title=\"luxury-travel-03\" sizes=\"auto, (min-width: 601px) 50vw, 100vw\" srcset=\"https:\/\/domitur.kobudev.com\/files\/uploads\/2026\/01\/luxury-travel-03.webp 1476w, https:\/\/domitur.kobudev.com\/files\/uploads\/2026\/01\/luxury-travel-03-300x225.webp 300w, https:\/\/domitur.kobudev.com\/files\/uploads\/2026\/01\/luxury-travel-03-1024x767.webp 1024w, https:\/\/domitur.kobudev.com\/files\/uploads\/2026\/01\/luxury-travel-03-768x575.webp 768w\" \/><\/figure><\/div><\/div>\n\n<div class=\"wp-block-kobu-custom-blocks-responsive-spacer responsive-spacer size-large\"><\/div>\n\n<div class=\"wp-block-group alignfull alignfull-1 is-layout-grid wp-container-core-group-is-layout-baef362d wp-block-group-is-layout-grid\">\n<div class=\"wp-block-group is-layout-constrained wp-block-group-is-layout-constrained\">\n<h2 class=\"wp-block-heading\">Alojamentos de luxo e experi\u00eancias exclusivas, servi\u00e7o de concierge<\/h2>\n<\/div>\n\n\n\n<div class=\"wp-block-group is-layout-constrained wp-block-group-is-layout-constrained\">\n<p>Reconhecida pelo servi\u00e7o impec\u00e1vel e pelos padr\u00f5es excepcionais, a Domitur baseia-se numa vasta experi\u00eancia directa, tendo explorado pessoalmente todos os hot\u00e9is, restaurantes e experi\u00eancias que oferece. Compreendemos o car\u00e1cter \u00fanico de cada propriedade e as hist\u00f3rias escondidas por tr\u00e1s de cada destino, garantindo que a sua viagem \u00e9 cuidadosamente planeada com dedica\u00e7\u00e3o e conhecimento.<\/p>\n\n\n\n<p>Descubra os hot\u00e9is de luxo mais requintados de Portugal, onde o conforto contempor\u00e2neo se harmoniza com a cultura, a paisagem e a beleza intemporal do pa\u00eds, proporcionando uma experi\u00eancia de absoluta serenidade.<\/p>\n<\/div>\n<\/div>\n\n<div class=\"wp-block-kobu-custom-blocks-responsive-spacer responsive-spacer size-custom\" style=\"height: 40px;\" data-small=\"40\" data-medium=\"40\" data-large=\"40\"><\/div>\n\n<div class=\"wp-block-group alignfull alignfull-1 is-layout-grid wp-container-core-group-is-layout-baef362d wp-block-group-is-layout-grid\"><noscript class=\"loading-lazy\">\n<figure class=\"wp-block-image size-large\"><img loading=\"lazy\" decoding=\"async\" width=\"774\" height=\"1024\" src=\"https:\/\/domitur.kobudev.com\/files\/uploads\/2026\/01\/luxury-travel-04-774x1024.webp\" alt=\"Lorem ipsum dolor sit amet, consectetur adipiscing elit.\" class=\"wp-image-113\" srcset=\"https:\/\/domitur.kobudev.com\/files\/uploads\/2026\/01\/luxury-travel-04-774x1024.webp 774w, https:\/\/domitur.kobudev.com\/files\/uploads\/2026\/01\/luxury-travel-04-227x300.webp 227w, https:\/\/domitur.kobudev.com\/files\/uploads\/2026\/01\/luxury-travel-04-768x1017.webp 768w, https:\/\/domitur.kobudev.com\/files\/uploads\/2026\/01\/luxury-travel-04.webp 1038w\" sizes=\"auto, (max-width: 774px) 100vw, 774px\" \/><\/figure>\n<\/noscript>\n\n<noscript class=\"loading-lazy\">\n<figure class=\"wp-block-image size-large\"><img loading=\"lazy\" decoding=\"async\" width=\"1024\" height=\"756\" src=\"https:\/\/domitur.kobudev.com\/files\/uploads\/2026\/01\/luxury-travel-05-1024x756.webp\" alt=\"Interdum et malesuada fames ac ante ipsum primis in faucibus.\" class=\"wp-image-114\" srcset=\"https:\/\/domitur.kobudev.com\/files\/uploads\/2026\/01\/luxury-travel-05-1024x756.webp 1024w, https:\/\/domitur.kobudev.com\/files\/uploads\/2026\/01\/luxury-travel-05-300x222.webp 300w, https:\/\/domitur.kobudev.com\/files\/uploads\/2026\/01\/luxury-travel-05-768x567.webp 768w, https:\/\/domitur.kobudev.com\/files\/uploads\/2026\/01\/luxury-travel-05.webp 1476w\" sizes=\"auto, (max-width: 1024px) 100vw, 1024px\" \/><\/figure>\n<\/noscript><\/div>\n\n<div class=\"wp-block-kobu-custom-blocks-responsive-spacer responsive-spacer size-large\"><\/div>\n\n<h2 class=\"wp-block-heading alignwide has-text-align-center\">Casos de Estudo<\/h2>\n\n<div class=\"wp-block-kobu-custom-blocks-responsive-spacer responsive-spacer size-medium\"><\/div>\n<div class=\"container-wrapper alignfull posts-slider-block slider-casestudy\">\n\t<div class=\"container xlarge\">\n\t\t\t\t\t\t<div class=\"slider-gallery multiple\">\n\t\t\t\t\t<ul class=\"gallery\" role=\"list\" data-slide=\"0\" tabindex=\"0\">\n\t\t\t\t\t\t\n<li class=\"article article-card slide \" role=\"listitem\">\n\t<a href=\"https:\/\/domitur.kobudev.com\/pt-pt\/o-que-ha-para-descobrir-experiencias-mais-exclusivas-portugal\/\">\n\t\t\t\t\t<div class=\"fixed-ratio-img\">\n\t\t\t\t<img loading=\"lazy\" decoding=\"async\" width=\"640\" height=\"400\" src=\"https:\/\/domitur.kobudev.com\/files\/uploads\/2026\/02\/blog-02-768x480.webp\" class=\"coverimg\" alt=\"\" sizes=\"auto, (min-width: 993px) 33vw, (min-width: 601px) 50vw, 100vw\" srcset=\"https:\/\/domitur.kobudev.com\/files\/uploads\/2026\/02\/blog-02-768x480.webp 768w, https:\/\/domitur.kobudev.com\/files\/uploads\/2026\/02\/blog-02-300x188.webp 300w, https:\/\/domitur.kobudev.com\/files\/uploads\/2026\/02\/blog-02-1024x640.webp 1024w, https:\/\/domitur.kobudev.com\/files\/uploads\/2026\/02\/blog-02-1536x960.webp 1536w, https:\/\/domitur.kobudev.com\/files\/uploads\/2026\/02\/blog-02.webp 1696w\" \/>\t\t\t<\/div>\n\t\t\t\t<div class=\"content-wrapper\">\n\t\t\t<div class=\"post-date-and-categories\">\n\t\t\t\t<div class=\"post-date\">20 february 2026<\/div>\n\t\t\t\t\t\t\t<\/div>\n\t\t\t<h3 class=\"post-title\">O Que H\u00e1 para Descobrir: As Experi\u00eancias Mais Exclusivas de Portugal<\/h3>\n\t\t\t<div class=\"read-more btn ghost-primary small\">ler artigo<\/div>\n\t\t<\/div>\n\t<\/a>\n<\/li>\t\t\t\t\t<\/ul>\n\t\t\t\t<\/div>\n\t\t\t\t<\/div>\n<\/div>\n<div class=\"wp-block-kobu-custom-blocks-responsive-spacer responsive-spacer size-large\"><\/div>\n\n<div class=\"wp-block-kobu-custom-blocks-section-wrapper alignfull kobu-section has-background has-lightgray-background-color\">\n<div class=\"wp-block-kobu-custom-blocks-responsive-spacer responsive-spacer size-large\"><\/div>\n\n\n\n<h2 class=\"wp-block-heading alignwide has-text-align-center has-large-font-size\">A nossa miss\u00e3o consiste em criar o melhor valor para os nossos parceiros de neg\u00f3cio, em harmonia com pr\u00e1ticas de sustentabilidade, e proporcionar experi\u00eancias \u00fanicas e inovadoras em todos os sentidos.<\/h2>\n\n\n\n<div class=\"wp-block-kobu-custom-blocks-responsive-spacer responsive-spacer size-medium\"><\/div>\n\n\n<noscript class=\"loading-lazy\">\n<figure class=\"wp-block-image alignfull size-large\"><img loading=\"lazy\" decoding=\"async\" width=\"1024\" height=\"548\" src=\"https:\/\/domitur.kobudev.com\/files\/uploads\/2026\/01\/luxury-travel-06-1024x548.webp\" alt=\"\" class=\"wp-image-142\" srcset=\"https:\/\/domitur.kobudev.com\/files\/uploads\/2026\/01\/luxury-travel-06-1024x548.webp 1024w, https:\/\/domitur.kobudev.com\/files\/uploads\/2026\/01\/luxury-travel-06-300x160.webp 300w, https:\/\/domitur.kobudev.com\/files\/uploads\/2026\/01\/luxury-travel-06-768x411.webp 768w, https:\/\/domitur.kobudev.com\/files\/uploads\/2026\/01\/luxury-travel-06-1536x822.webp 1536w, https:\/\/domitur.kobudev.com\/files\/uploads\/2026\/01\/luxury-travel-06-2048x1096.webp 2048w\" sizes=\"auto, (max-width: 1024px) 100vw, 1024px\" \/><\/figure>\n<\/noscript>\n\n\n<div class=\"wp-block-kobu-custom-blocks-responsive-spacer responsive-spacer size-medium\"><\/div>\n\n\n\n<p class=\"has-text-align-center\">Assente na nossa miss\u00e3o, a Domitur dedica-se a fomentar parcerias de longo prazo, alicer\u00e7adas na confian\u00e7a, transpar\u00eancia e numa vis\u00e3o partilhada de excel\u00eancia no turismo sustent\u00e1vel. Procuramos de forma continuada aumentar o valor que oferecemos, antecipando as necessidades em evolu\u00e7\u00e3o dos operadores tur\u00edsticos globais e adaptando cada itiner\u00e1rio com aten\u00e7\u00e3o meticulosa ao detalhe, garantindo que cada experi\u00eancia reflecte tanto os objectivos dos nossos parceiros bem como o melhor de Portugal, Madeira e A\u00e7ores.<\/p>\n\n\n\n<p class=\"has-text-align-center\">Na base do nosso trabalho reside um forte compromisso com o turismo respons\u00e1vel. Ao integrar pr\u00e1ticas ecol\u00f3gicas e apoiar as comunidades locais, pretendemos n\u00e3o apenas preservar a riqueza cultural e natural de cada destino, mas tamb\u00e9m enriquecer as experi\u00eancias de quem viaja connosco. A Domitur cria experi\u00eancias de viagem \u00fanicas, memor\u00e1veis e verdadeiramente transformadoras, promovendo um envolvimento mais profundo com os lugares e as pessoas que tornam Portugal um destino verdadeiramente extraordin\u00e1rio.<\/p>\n\n\n\n<div class=\"wp-block-kobu-custom-blocks-responsive-spacer responsive-spacer size-large\"><\/div>\n<\/div>\n\n<div class=\"wp-block-kobu-custom-blocks-section-wrapper alignfull kobu-section\">\n<div class=\"wp-block-kobu-custom-blocks-responsive-spacer responsive-spacer size-large\"><\/div>\n\n\n\n<h2 class=\"wp-block-heading alignwide has-text-align-center has-huge-font-size\">Related articles<\/h2>\n\n\n\n<div class=\"wp-block-kobu-custom-blocks-responsive-spacer responsive-spacer size-medium\"><\/div>\n\n\n<div class=\"container-wrapper alignfull posts-slider-block slider-article\">\n\t<div class=\"container xlarge\">\n\t\t\t\t\t\t<div class=\"slider-gallery multiple\">\n\t\t\t\t\t<ul class=\"gallery\" role=\"list\" data-slide=\"0\" tabindex=\"0\">\n\t\t\t\t\t\t\n<li class=\"article article-card slide \" role=\"listitem\">\n\t<a href=\"https:\/\/domitur.kobudev.com\/pt-pt\/como-planear-viagem-sustentavel-eficaz\/\">\n\t\t\t\t\t<div class=\"fixed-ratio-img\">\n\t\t\t\t<img loading=\"lazy\" decoding=\"async\" width=\"640\" height=\"360\" src=\"https:\/\/domitur.kobudev.com\/files\/uploads\/2024\/10\/17-768x432.jpg\" class=\"coverimg\" alt=\"\" sizes=\"auto, (min-width: 993px) 33vw, (min-width: 601px) 50vw, 100vw\" srcset=\"https:\/\/domitur.kobudev.com\/files\/uploads\/2024\/10\/17-768x432.jpg 768w, https:\/\/domitur.kobudev.com\/files\/uploads\/2024\/10\/17-300x169.jpg 300w, https:\/\/domitur.kobudev.com\/files\/uploads\/2024\/10\/17-1024x576.jpg 1024w, https:\/\/domitur.kobudev.com\/files\/uploads\/2024\/10\/17.jpg 1280w\" \/>\t\t\t<\/div>\n\t\t\t\t<div class=\"content-wrapper\">\n\t\t\t<div class=\"post-date-and-categories\">\n\t\t\t\t<div class=\"post-date\">7 november 2024<\/div>\n\t\t\t\t<div class=\"categories\"><span>Nature Tours<\/span><\/div>\t\t\t<\/div>\n\t\t\t<h3 class=\"post-title\">Como Planear uma Viagem Sustent\u00e1vel de Forma Eficaz<\/h3>\n\t\t\t<div class=\"read-more btn ghost-primary small\">ler artigo<\/div>\n\t\t<\/div>\n\t<\/a>\n<\/li>\n<li class=\"article article-card slide \" role=\"listitem\">\n\t<a href=\"https:\/\/domitur.kobudev.com\/pt-pt\/grutas-benagil-atividades-verao-sup-caiaque-passeio-barco\/\">\n\t\t\t\t\t<div class=\"fixed-ratio-img\">\n\t\t\t\t<img loading=\"lazy\" decoding=\"async\" width=\"640\" height=\"428\" src=\"https:\/\/domitur.kobudev.com\/files\/uploads\/2024\/07\/benagil-benagil-cave-stand-up-paddleboard-tour-at-sunrise-3426546-768x513.webp\" class=\"coverimg\" alt=\"\" sizes=\"auto, (min-width: 993px) 33vw, (min-width: 601px) 50vw, 100vw\" srcset=\"https:\/\/domitur.kobudev.com\/files\/uploads\/2024\/07\/benagil-benagil-cave-stand-up-paddleboard-tour-at-sunrise-3426546-768x513.webp 768w, https:\/\/domitur.kobudev.com\/files\/uploads\/2024\/07\/benagil-benagil-cave-stand-up-paddleboard-tour-at-sunrise-3426546-300x200.webp 300w, https:\/\/domitur.kobudev.com\/files\/uploads\/2024\/07\/benagil-benagil-cave-stand-up-paddleboard-tour-at-sunrise-3426546-1024x683.webp 1024w, https:\/\/domitur.kobudev.com\/files\/uploads\/2024\/07\/benagil-benagil-cave-stand-up-paddleboard-tour-at-sunrise-3426546.webp 1500w\" \/>\t\t\t<\/div>\n\t\t\t\t<div class=\"content-wrapper\">\n\t\t\t<div class=\"post-date-and-categories\">\n\t\t\t\t<div class=\"post-date\">15 july 2024<\/div>\n\t\t\t\t<div class=\"categories\"><span>Nature Tours<\/span><\/div>\t\t\t<\/div>\n\t\t\t<h3 class=\"post-title\">Grutas de Benagil \u2013 Atividades de Ver\u00e3o \u2013 SUP \/ caiaque \/ passeio de barco<\/h3>\n\t\t\t<div class=\"read-more btn ghost-primary small\">ler artigo<\/div>\n\t\t<\/div>\n\t<\/a>\n<\/li>\n<li class=\"article article-card slide \" role=\"listitem\">\n\t<a href=\"https:\/\/domitur.kobudev.com\/pt-pt\/mergulhe-na-arte-e-na-vida-marinha-o-edp-art-reef-em-albufeira\/\">\n\t\t\t\t\t<div class=\"fixed-ratio-img\">\n\t\t\t\t<img loading=\"lazy\" decoding=\"async\" width=\"640\" height=\"426\" src=\"https:\/\/domitur.kobudev.com\/files\/uploads\/2024\/07\/vhils-exposicao-foto-nuno-sa-1200x798-1-768x511.jpg\" class=\"coverimg\" alt=\"\" sizes=\"auto, (min-width: 993px) 33vw, (min-width: 601px) 50vw, 100vw\" srcset=\"https:\/\/domitur.kobudev.com\/files\/uploads\/2024\/07\/vhils-exposicao-foto-nuno-sa-1200x798-1-768x511.jpg 768w, https:\/\/domitur.kobudev.com\/files\/uploads\/2024\/07\/vhils-exposicao-foto-nuno-sa-1200x798-1-300x200.jpg 300w, https:\/\/domitur.kobudev.com\/files\/uploads\/2024\/07\/vhils-exposicao-foto-nuno-sa-1200x798-1-1024x681.jpg 1024w, https:\/\/domitur.kobudev.com\/files\/uploads\/2024\/07\/vhils-exposicao-foto-nuno-sa-1200x798-1.jpg 1200w\" \/>\t\t\t<\/div>\n\t\t\t\t<div class=\"content-wrapper\">\n\t\t\t<div class=\"post-date-and-categories\">\n\t\t\t\t<div class=\"post-date\">12 july 2024<\/div>\n\t\t\t\t<div class=\"categories\"><span>Nature Tours<\/span><\/div>\t\t\t<\/div>\n\t\t\t<h3 class=\"post-title\">Mergulhe na Arte e na Vida Marinha: o EDP Art Reef em Albufeira<\/h3>\n\t\t\t<div class=\"read-more btn ghost-primary small\">ler artigo<\/div>\n\t\t<\/div>\n\t<\/a>\n<\/li>\t\t\t\t\t<\/ul>\n\t\t\t\t<\/div>\n\t\t\t\t<\/div>\n<\/div>\n\n\n<div class=\"wp-block-kobu-custom-blocks-responsive-spacer responsive-spacer size-large\"><\/div>\n<\/div>\n","protected":false},"excerpt":{"rendered":"<p>Alojamentos de luxo e experi\u00eancias exclusivas, servi\u00e7o de concierge Reconhecida pelo servi\u00e7o impec\u00e1vel e pelos padr\u00f5es excepcionais, a Domitur baseia-se numa vasta experi\u00eancia directa, tendo [&hellip;]<\/p>\n","protected":false},"author":2,"featured_media":252,"parent":247,"menu_order":1001,"comment_status":"closed","ping_status":"closed","template":"","meta":{"_acf_changed":false,"inline_featured_image":false,"footnotes":""},"class_list":["post-253","page","type-page","status-publish","has-post-thumbnail","hentry"],"acf":[],"_links":{"self":[{"href":"https:\/\/domitur.kobudev.com\/pt-pt\/wp-json\/wp\/v2\/pages\/253","targetHints":{"allow":["GET"]}}],"collection":[{"href":"https:\/\/domitur.kobudev.com\/pt-pt\/wp-json\/wp\/v2\/pages"}],"about":[{"href":"https:\/\/domitur.kobudev.com\/pt-pt\/wp-json\/wp\/v2\/types\/page"}],"author":[{"embeddable":true,"href":"https:\/\/domitur.kobudev.com\/pt-pt\/wp-json\/wp\/v2\/users\/2"}],"replies":[{"embeddable":true,"href":"https:\/\/domitur.kobudev.com\/pt-pt\/wp-json\/wp\/v2\/comments?post=253"}],"version-history":[{"count":3,"href":"https:\/\/domitur.kobudev.com\/pt-pt\/wp-json\/wp\/v2\/pages\/253\/revisions"}],"predecessor-version":[{"id":34955,"href":"https:\/\/domitur.kobudev.com\/pt-pt\/wp-json\/wp\/v2\/pages\/253\/revisions\/34955"}],"up":[{"embeddable":true,"href":"https:\/\/domitur.kobudev.com\/pt-pt\/wp-json\/wp\/v2\/pages\/247"}],"wp:featuredmedia":[{"embeddable":true,"href":"https:\/\/domitur.kobudev.com\/pt-pt\/wp-json\/wp\/v2\/media\/252"}],"wp:attachment":[{"href":"https:\/\/domitur.kobudev.com\/pt-pt\/wp-json\/wp\/v2\/media?parent=253"}],"curies":[{"name":"wp","href":"https:\/\/api.w.org\/{rel}","templated":true}]}}